{"id":3064,"date":"2024-06-18T20:19:30","date_gmt":"2024-06-19T00:19:30","guid":{"rendered":"https:\/\/thinkincentive.com\/ponte-en-contacto-con\/"},"modified":"2024-12-17T14:22:39","modified_gmt":"2024-12-17T19:22:39","slug":"ponte-en-contacto-con","status":"publish","type":"page","link":"https:\/\/thinkincentive.com\/es\/ponte-en-contacto-con\/","title":{"rendered":"Cont\u00e1ctenos"},"content":{"rendered":"\t\t<div data-elementor-type=\"wp-page\" data-elementor-id=\"3064\" class=\"elementor elementor-3064 elementor-1726\" data-elementor-post-type=\"page\">\n\t\t\t\t<div class=\"elementor-element elementor-element-2e5f305 e-flex e-con-boxed e-con e-parent\" data-id=\"2e5f305\" data-element_type=\"container\" data-settings=\"{&quot;background_background&quot;:&quot;classic&quot;}\">\n\t\t\t\t\t<div class=\"e-con-inner\">\n\t\t\t\t<div class=\"elementor-element elementor-element-33b5a93 elementor-widget elementor-widget-heading\" data-id=\"33b5a93\" data-element_type=\"widget\" data-widget_type=\"heading.default\">\n\t\t\t\t<div class=\"elementor-widget-container\">\n\t\t\t<h1 class=\"elementor-heading-title elementor-size-default\">Cont\u00e1ctenos<\/h1>\t\t<\/div>\n\t\t\t\t<\/div>\n\t\t\t\t<div class=\"elementor-element elementor-element-3c9497d elementor-widget elementor-widget-text-editor\" data-id=\"3c9497d\" data-element_type=\"widget\" data-widget_type=\"text-editor.default\">\n\t\t\t\t<div class=\"elementor-widget-container\">\n\t\t\t\t\t\t\t<p>No dudes en ponerte en contacto con nosotros por correo electr\u00f3nico o por tel\u00e9fono para hablar de tu proyecto. Nuestro equipo est\u00e1 disponible y dispuesto a escuchar tus necesidades para ayudarte a crear una experiencia a medida.  <\/p>\n\t\t\t\t\t\t<\/div>\n\t\t\t\t<\/div>\n\t\t\t\t\t<\/div>\n\t\t\t\t<\/div>\n\t\t<div class=\"elementor-element elementor-element-04b3389 e-flex e-con-boxed e-con e-parent\" data-id=\"04b3389\" data-element_type=\"container\" data-settings=\"{&quot;background_background&quot;:&quot;classic&quot;}\">\n\t\t\t\t\t<div class=\"e-con-inner\">\n\t\t<div class=\"elementor-element elementor-element-8c49ce2 e-con-full e-flex e-con e-child\" data-id=\"8c49ce2\" data-element_type=\"container\" data-settings=\"{&quot;background_background&quot;:&quot;classic&quot;}\">\n\t\t\t\t<div class=\"elementor-element elementor-element-d4f4b94 elementor-widget elementor-widget-image\" data-id=\"d4f4b94\" data-element_type=\"widget\" data-widget_type=\"image.default\">\n\t\t\t\t<div class=\"elementor-widget-container\">\n\t\t\t\t\t\t\t\t\t\t\t\t\t<img fetchpriority=\"high\" decoding=\"async\" width=\"797\" height=\"350\" src=\"https:\/\/thinkincentive.com\/wp-content\/uploads\/contact-equipe.png\" class=\"attachment-large size-large wp-image-3710\" alt=\"\" srcset=\"https:\/\/thinkincentive.com\/wp-content\/uploads\/contact-equipe.png 797w, https:\/\/thinkincentive.com\/wp-content\/uploads\/contact-equipe-300x132.png 300w, https:\/\/thinkincentive.com\/wp-content\/uploads\/contact-equipe-768x337.png 768w\" sizes=\"(max-width: 797px) 100vw, 797px\" \/>\t\t\t\t\t\t\t\t\t\t\t\t\t<\/div>\n\t\t\t\t<\/div>\n\t\t\t\t<div class=\"elementor-element elementor-element-c21a4dd elementor-widget elementor-widget-spacer\" data-id=\"c21a4dd\" data-element_type=\"widget\" data-widget_type=\"spacer.default\">\n\t\t\t\t<div class=\"elementor-widget-container\">\n\t\t\t\t\t<div class=\"elementor-spacer\">\n\t\t\t<div class=\"elementor-spacer-inner\"><\/div>\n\t\t<\/div>\n\t\t\t\t<\/div>\n\t\t\t\t<\/div>\n\t\t\t\t<div class=\"elementor-element elementor-element-0d5e723 elementor-widget elementor-widget-spacer\" data-id=\"0d5e723\" data-element_type=\"widget\" data-widget_type=\"spacer.default\">\n\t\t\t\t<div class=\"elementor-widget-container\">\n\t\t\t\t\t<div class=\"elementor-spacer\">\n\t\t\t<div class=\"elementor-spacer-inner\"><\/div>\n\t\t<\/div>\n\t\t\t\t<\/div>\n\t\t\t\t<\/div>\n\t\t\t\t<div class=\"elementor-element elementor-element-9d264bc elementor-widget elementor-widget-heading\" data-id=\"9d264bc\" data-element_type=\"widget\" data-widget_type=\"heading.default\">\n\t\t\t\t<div class=\"elementor-widget-container\">\n\t\t\t<h2 class=\"elementor-heading-title elementor-size-default\">Informaci\u00f3n de contacto<\/h2>\t\t<\/div>\n\t\t\t\t<\/div>\n\t\t\t\t<div class=\"elementor-element elementor-element-9234262 elementor-widget-divider--view-line elementor-widget elementor-widget-divider\" data-id=\"9234262\" data-element_type=\"widget\" data-widget_type=\"divider.default\">\n\t\t\t\t<div class=\"elementor-widget-container\">\n\t\t\t\t\t<div class=\"elementor-divider\">\n\t\t\t<span class=\"elementor-divider-separator\">\n\t\t\t\t\t\t<\/span>\n\t\t<\/div>\n\t\t\t\t<\/div>\n\t\t\t\t<\/div>\n\t\t\t\t<div class=\"elementor-element elementor-element-3771dfb elementor-widget elementor-widget-text-editor\" data-id=\"3771dfb\" data-element_type=\"widget\" data-widget_type=\"text-editor.default\">\n\t\t\t\t<div class=\"elementor-widget-container\">\n\t\t\t\t\t\t\t<p>Nuestra oficina est\u00e1 abierta de lunes a viernes, de 9:00 a 17:30 (UTC-05:00). <\/p>\n\t\t\t\t\t\t<\/div>\n\t\t\t\t<\/div>\n\t\t\t\t<div class=\"elementor-element elementor-element-decce2b elementor-position-left elementor-mobile-position-left elementor-view-default elementor-vertical-align-top elementor-widget elementor-widget-icon-box\" data-id=\"decce2b\" data-element_type=\"widget\" data-widget_type=\"icon-box.default\">\n\t\t\t\t<div class=\"elementor-widget-container\">\n\t\t\t\t\t<div class=\"elementor-icon-box-wrapper\">\n\n\t\t\t\t\t\t<div class=\"elementor-icon-box-icon\">\n\t\t\t\t<span  class=\"elementor-icon elementor-animation-\">\n\t\t\t\t<svg aria-hidden=\"true\" class=\"e-font-icon-svg e-fas-phone-alt\" viewBox=\"0 0 512 512\" xmlns=\"http:\/\/www.w3.org\/2000\/svg\"><path d=\"M497.39 361.8l-112-48a24 24 0 0 0-28 6.9l-49.6 60.6A370.66 370.66 0 0 1 130.6 204.11l60.6-49.6a23.94 23.94 0 0 0 6.9-28l-48-112A24.16 24.16 0 0 0 122.6.61l-104 24A24 24 0 0 0 0 48c0 256.5 207.9 464 464 464a24 24 0 0 0 23.4-18.6l24-104a24.29 24.29 0 0 0-14.01-27.6z\"><\/path><\/svg>\t\t\t\t<\/span>\n\t\t\t<\/div>\n\t\t\t\n\t\t\t\t\t\t<div class=\"elementor-icon-box-content\">\n\n\t\t\t\t\n\t\t\t\t\t\t\t\t\t<p class=\"elementor-icon-box-description\">\n\t\t\t\t\t\t(+1) 514-523-8731\t\t\t\t\t<\/p>\n\t\t\t\t\n\t\t\t<\/div>\n\t\t\t\n\t\t<\/div>\n\t\t\t\t<\/div>\n\t\t\t\t<\/div>\n\t\t\t\t<div class=\"elementor-element elementor-element-a38be7c elementor-position-left elementor-mobile-position-left elementor-view-default elementor-vertical-align-top elementor-widget elementor-widget-icon-box\" data-id=\"a38be7c\" data-element_type=\"widget\" data-widget_type=\"icon-box.default\">\n\t\t\t\t<div class=\"elementor-widget-container\">\n\t\t\t\t\t<div class=\"elementor-icon-box-wrapper\">\n\n\t\t\t\t\t\t<div class=\"elementor-icon-box-icon\">\n\t\t\t\t<span  class=\"elementor-icon elementor-animation-\">\n\t\t\t\t<svg aria-hidden=\"true\" class=\"e-font-icon-svg e-fas-envelope\" viewBox=\"0 0 512 512\" xmlns=\"http:\/\/www.w3.org\/2000\/svg\"><path d=\"M502.3 190.8c3.9-3.1 9.7-.2 9.7 4.7V400c0 26.5-21.5 48-48 48H48c-26.5 0-48-21.5-48-48V195.6c0-5 5.7-7.8 9.7-4.7 22.4 17.4 52.1 39.5 154.1 113.6 21.1 15.4 56.7 47.8 92.2 47.6 35.7.3 72-32.8 92.3-47.6 102-74.1 131.6-96.3 154-113.7zM256 320c23.2.4 56.6-29.2 73.4-41.4 132.7-96.3 142.8-104.7 173.4-128.7 5.8-4.5 9.2-11.5 9.2-18.9v-19c0-26.5-21.5-48-48-48H48C21.5 64 0 85.5 0 112v19c0 7.4 3.4 14.3 9.2 18.9 30.6 23.9 40.7 32.4 173.4 128.7 16.8 12.2 50.2 41.8 73.4 41.4z\"><\/path><\/svg>\t\t\t\t<\/span>\n\t\t\t<\/div>\n\t\t\t\n\t\t\t\t\t\t<div class=\"elementor-icon-box-content\">\n\n\t\t\t\t\n\t\t\t\t\t\t\t\t\t<p class=\"elementor-icon-box-description\">\n\t\t\t\t\t\tsales@thinkincentive.com\t\t\t\t\t<\/p>\n\t\t\t\t\n\t\t\t<\/div>\n\t\t\t\n\t\t<\/div>\n\t\t\t\t<\/div>\n\t\t\t\t<\/div>\n\t\t\t\t<\/div>\n\t\t<div class=\"elementor-element elementor-element-942b429 e-con-full e-flex e-con e-child\" data-id=\"942b429\" data-element_type=\"container\" data-settings=\"{&quot;background_background&quot;:&quot;classic&quot;}\">\n\t\t\t\t<div class=\"elementor-element elementor-element-203f833 elementor-button-align-stretch elementor-widget elementor-widget-form\" data-id=\"203f833\" data-element_type=\"widget\" data-settings=\"{&quot;step_next_label&quot;:&quot;Siguiente&quot;,&quot;step_previous_label&quot;:&quot;Anterior&quot;,&quot;button_width&quot;:&quot;100&quot;,&quot;step_type&quot;:&quot;number_text&quot;,&quot;step_icon_shape&quot;:&quot;circle&quot;}\" data-widget_type=\"form.default\">\n\t\t\t\t<div class=\"elementor-widget-container\">\n\t\t\t\t\t<form class=\"elementor-form\" method=\"post\" name=\"Nuevo formulario\">\n\t\t\t<input type=\"hidden\" name=\"post_id\" value=\"3064\"\/>\n\t\t\t<input type=\"hidden\" name=\"form_id\" value=\"203f833\"\/>\n\t\t\t<input type=\"hidden\" name=\"referer_title\" value=\"TH!NK INCENTIVE\" \/>\n\n\t\t\t\n\t\t\t<div class=\"elementor-form-fields-wrapper elementor-labels-above\">\n\t\t\t\t\t\t\t\t<div class=\"elementor-field-type-text elementor-field-group elementor-column elementor-field-group-name elementor-col-50\">\n\t\t\t\t\t\t\t\t\t\t\t\t\t<input size=\"1\" type=\"text\" name=\"form_fields[name]\" id=\"form-field-name\" class=\"elementor-field elementor-size-xl  elementor-field-textual\" placeholder=\"Nombre\">\n\t\t\t\t\t\t\t\t\t\t\t<\/div>\n\t\t\t\t\t\t\t\t<div class=\"elementor-field-type-text elementor-field-group elementor-column elementor-field-group-first_name elementor-col-50 elementor-field-required elementor-mark-required\">\n\t\t\t\t\t\t\t\t\t\t\t\t\t<input size=\"1\" type=\"text\" name=\"form_fields[first_name]\" id=\"form-field-first_name\" class=\"elementor-field elementor-size-xl  elementor-field-textual\" placeholder=\"Apellido\" required=\"required\" aria-required=\"true\">\n\t\t\t\t\t\t\t\t\t\t\t<\/div>\n\t\t\t\t\t\t\t\t<div class=\"elementor-field-type-text elementor-field-group elementor-column elementor-field-group-company elementor-col-50 elementor-field-required elementor-mark-required\">\n\t\t\t\t\t\t\t\t\t\t\t\t\t<input size=\"1\" type=\"text\" name=\"form_fields[company]\" id=\"form-field-company\" class=\"elementor-field elementor-size-xl  elementor-field-textual\" placeholder=\"Empresa\" required=\"required\" aria-required=\"true\">\n\t\t\t\t\t\t\t\t\t\t\t<\/div>\n\t\t\t\t\t\t\t\t<div class=\"elementor-field-type-email elementor-field-group elementor-column elementor-field-group-email elementor-col-50 elementor-field-required elementor-mark-required\">\n\t\t\t\t\t\t\t\t\t\t\t\t\t<input size=\"1\" type=\"email\" name=\"form_fields[email]\" id=\"form-field-email\" class=\"elementor-field elementor-size-xl  elementor-field-textual\" placeholder=\"Correo electr\u00f3nico\" required=\"required\" aria-required=\"true\">\n\t\t\t\t\t\t\t\t\t\t\t<\/div>\n\t\t\t\t\t\t\t\t<div class=\"elementor-field-type-textarea elementor-field-group elementor-column elementor-field-group-message elementor-col-100\">\n\t\t\t\t\t<textarea class=\"elementor-field-textual elementor-field  elementor-size-xl\" name=\"form_fields[message]\" id=\"form-field-message\" rows=\"4\" placeholder=\"Cu\u00e9ntanos m\u00e1s sobre tu proyecto (tipo de evento, periodo, objetivos...)\"><\/textarea>\t\t\t\t<\/div>\n\t\t\t\t\t\t\t\t<div class=\"elementor-field-type-recaptcha_v3 elementor-field-group elementor-column elementor-field-group-field_c1fabbf elementor-col-100 recaptcha_v3-bottomright\">\n\t\t\t\t\t<div class=\"elementor-field\" id=\"form-field-field_c1fabbf\"><div class=\"elementor-g-recaptcha\" data-sitekey=\"6LeC7UUqAAAAAMzEZNA1wEKh-Mm29yFyscai2hE_\" data-type=\"v3\" data-action=\"Form\" data-badge=\"bottomright\" data-size=\"invisible\"><\/div><\/div>\t\t\t\t<\/div>\n\t\t\t\t\t\t\t\t<div class=\"elementor-field-group elementor-column elementor-field-type-submit elementor-col-100 e-form__buttons\">\n\t\t\t\t\t<button class=\"elementor-button elementor-size-sm\" type=\"submit\">\n\t\t\t\t\t\t<span class=\"elementor-button-content-wrapper\">\n\t\t\t\t\t\t\t\t\t\t\t\t\t\t\t\t\t\t\t\t\t\t<span class=\"elementor-button-text\">enviar<\/span>\n\t\t\t\t\t\t\t\t\t\t\t\t\t<\/span>\n\t\t\t\t\t<\/button>\n\t\t\t\t<\/div>\n\t\t\t<\/div>\n\t\t<\/form>\n\t\t\t\t<\/div>\n\t\t\t\t<\/div>\n\t\t\t\t<\/div>\n\t\t\t\t\t<\/div>\n\t\t\t\t<\/div>\n\t\t<div class=\"elementor-element elementor-element-19ca3f1 e-flex e-con-boxed e-con e-parent\" data-id=\"19ca3f1\" data-element_type=\"container\">\n\t\t\t\t\t<div class=\"e-con-inner\">\n\t\t\t\t\t<\/div>\n\t\t\t\t<\/div>\n\t\t\t\t<\/div>\n\t\t","protected":false},"excerpt":{"rendered":"<p>Cont\u00e1ctenos No dudes en ponerte en contacto con nosotros por correo electr\u00f3nico o por tel\u00e9fono para hablar de tu proyecto. Nuestro equipo est\u00e1 disponible y dispuesto a escuchar tus necesidades para ayudarte a crear una experiencia a medida. Informaci\u00f3n de contacto Nuestra oficina est\u00e1 abierta de lunes a viernes, de 9:00 a 17:30 (UTC-05:00). (+1) [&hellip;]<\/p>\n","protected":false},"author":10,"featured_media":0,"parent":0,"menu_order":0,"comment_status":"closed","ping_status":"closed","template":"elementor_header_footer","meta":{"_acf_changed":false,"footnotes":""},"class_list":["post-3064","page","type-page","status-publish","hentry"],"acf":[],"yoast_head":"<!-- This site is optimized with the Yoast SEO plugin v23.6 - https:\/\/yoast.com\/wordpress\/plugins\/seo\/ -->\n<title>Cont\u00e1ctenos - TH!NK INCENTIVE<\/title>\n<meta name=\"robots\" content=\"index, follow, max-snippet:-1, max-image-preview:large, max-video-preview:-1\" \/>\n<link rel=\"canonical\" href=\"https:\/\/thinkincentive.com\/es\/ponte-en-contacto-con\/\" \/>\n<meta property=\"og:locale\" content=\"es_ES\" \/>\n<meta property=\"og:type\" content=\"article\" \/>\n<meta property=\"og:title\" content=\"Cont\u00e1ctenos - TH!NK INCENTIVE\" \/>\n<meta property=\"og:description\" content=\"Cont\u00e1ctenos No dudes en ponerte en contacto con nosotros por correo electr\u00f3nico o por tel\u00e9fono para hablar de tu proyecto. Nuestro equipo est\u00e1 disponible y dispuesto a escuchar tus necesidades para ayudarte a crear una experiencia a medida. Informaci\u00f3n de contacto Nuestra oficina est\u00e1 abierta de lunes a viernes, de 9:00 a 17:30 (UTC-05:00). (+1) [&hellip;]\" \/>\n<meta property=\"og:url\" content=\"https:\/\/thinkincentive.com\/es\/ponte-en-contacto-con\/\" \/>\n<meta property=\"og:site_name\" content=\"TH!NK INCENTIVE\" \/>\n<meta property=\"article:modified_time\" content=\"2024-12-17T19:22:39+00:00\" \/>\n<meta property=\"og:image\" content=\"https:\/\/thinkincentive.com\/wp-content\/uploads\/contact-equipe.png\" \/>\n\t<meta property=\"og:image:width\" content=\"797\" \/>\n\t<meta property=\"og:image:height\" content=\"350\" \/>\n\t<meta property=\"og:image:type\" content=\"image\/png\" \/>\n<meta name=\"twitter:card\" content=\"summary_large_image\" \/>\n<meta name=\"twitter:label1\" content=\"Tiempo de lectura\" \/>\n\t<meta name=\"twitter:data1\" content=\"1 minuto\" \/>\n<script type=\"application\/ld+json\" class=\"yoast-schema-graph\">{\"@context\":\"https:\/\/schema.org\",\"@graph\":[{\"@type\":\"WebPage\",\"@id\":\"https:\/\/thinkincentive.com\/es\/ponte-en-contacto-con\/\",\"url\":\"https:\/\/thinkincentive.com\/es\/ponte-en-contacto-con\/\",\"name\":\"Cont\u00e1ctenos - TH!NK INCENTIVE\",\"isPartOf\":{\"@id\":\"https:\/\/thinkincentive.com\/es\/#website\"},\"primaryImageOfPage\":{\"@id\":\"https:\/\/thinkincentive.com\/es\/ponte-en-contacto-con\/#primaryimage\"},\"image\":{\"@id\":\"https:\/\/thinkincentive.com\/es\/ponte-en-contacto-con\/#primaryimage\"},\"thumbnailUrl\":\"http:\/\/thinkincentive.com\/wp-content\/uploads\/contact-equipe.png\",\"datePublished\":\"2024-06-19T00:19:30+00:00\",\"dateModified\":\"2024-12-17T19:22:39+00:00\",\"breadcrumb\":{\"@id\":\"https:\/\/thinkincentive.com\/es\/ponte-en-contacto-con\/#breadcrumb\"},\"inLanguage\":\"es\",\"potentialAction\":[{\"@type\":\"ReadAction\",\"target\":[\"https:\/\/thinkincentive.com\/es\/ponte-en-contacto-con\/\"]}]},{\"@type\":\"ImageObject\",\"inLanguage\":\"es\",\"@id\":\"https:\/\/thinkincentive.com\/es\/ponte-en-contacto-con\/#primaryimage\",\"url\":\"http:\/\/thinkincentive.com\/wp-content\/uploads\/contact-equipe.png\",\"contentUrl\":\"http:\/\/thinkincentive.com\/wp-content\/uploads\/contact-equipe.png\"},{\"@type\":\"BreadcrumbList\",\"@id\":\"https:\/\/thinkincentive.com\/es\/ponte-en-contacto-con\/#breadcrumb\",\"itemListElement\":[{\"@type\":\"ListItem\",\"position\":1,\"name\":\"Accueil\",\"item\":\"https:\/\/thinkincentive.com\/es\/\"},{\"@type\":\"ListItem\",\"position\":2,\"name\":\"Cont\u00e1ctenos\"}]},{\"@type\":\"WebSite\",\"@id\":\"https:\/\/thinkincentive.com\/es\/#website\",\"url\":\"https:\/\/thinkincentive.com\/es\/\",\"name\":\"TH!NK INCENTIVE\",\"description\":\"Corporate Events in Canada &amp; USA\",\"publisher\":{\"@id\":\"https:\/\/thinkincentive.com\/es\/#organization\"},\"potentialAction\":[{\"@type\":\"SearchAction\",\"target\":{\"@type\":\"EntryPoint\",\"urlTemplate\":\"https:\/\/thinkincentive.com\/es\/?s={search_term_string}\"},\"query-input\":{\"@type\":\"PropertyValueSpecification\",\"valueRequired\":true,\"valueName\":\"search_term_string\"}}],\"inLanguage\":\"es\"},{\"@type\":\"Organization\",\"@id\":\"https:\/\/thinkincentive.com\/es\/#organization\",\"name\":\"TH!NK INCENTIVE\",\"url\":\"https:\/\/thinkincentive.com\/es\/\",\"logo\":{\"@type\":\"ImageObject\",\"inLanguage\":\"es\",\"@id\":\"https:\/\/thinkincentive.com\/es\/#\/schema\/logo\/image\/\",\"url\":\"https:\/\/thinkincentive.com\/wp-content\/uploads\/cropped-logo-Think-PNG.png\",\"contentUrl\":\"https:\/\/thinkincentive.com\/wp-content\/uploads\/cropped-logo-Think-PNG.png\",\"width\":800,\"height\":320,\"caption\":\"TH!NK INCENTIVE\"},\"image\":{\"@id\":\"https:\/\/thinkincentive.com\/es\/#\/schema\/logo\/image\/\"}}]}<\/script>\n<!-- \/ Yoast SEO plugin. -->","yoast_head_json":{"title":"Cont\u00e1ctenos - TH!NK INCENTIVE","robots":{"index":"index","follow":"follow","max-snippet":"max-snippet:-1","max-image-preview":"max-image-preview:large","max-video-preview":"max-video-preview:-1"},"canonical":"https:\/\/thinkincentive.com\/es\/ponte-en-contacto-con\/","og_locale":"es_ES","og_type":"article","og_title":"Cont\u00e1ctenos - TH!NK INCENTIVE","og_description":"Cont\u00e1ctenos No dudes en ponerte en contacto con nosotros por correo electr\u00f3nico o por tel\u00e9fono para hablar de tu proyecto. Nuestro equipo est\u00e1 disponible y dispuesto a escuchar tus necesidades para ayudarte a crear una experiencia a medida. Informaci\u00f3n de contacto Nuestra oficina est\u00e1 abierta de lunes a viernes, de 9:00 a 17:30 (UTC-05:00). (+1) [&hellip;]","og_url":"https:\/\/thinkincentive.com\/es\/ponte-en-contacto-con\/","og_site_name":"TH!NK INCENTIVE","article_modified_time":"2024-12-17T19:22:39+00:00","og_image":[{"width":797,"height":350,"url":"https:\/\/thinkincentive.com\/wp-content\/uploads\/contact-equipe.png","type":"image\/png"}],"twitter_card":"summary_large_image","twitter_misc":{"Tiempo de lectura":"1 minuto"},"schema":{"@context":"https:\/\/schema.org","@graph":[{"@type":"WebPage","@id":"https:\/\/thinkincentive.com\/es\/ponte-en-contacto-con\/","url":"https:\/\/thinkincentive.com\/es\/ponte-en-contacto-con\/","name":"Cont\u00e1ctenos - TH!NK INCENTIVE","isPartOf":{"@id":"https:\/\/thinkincentive.com\/es\/#website"},"primaryImageOfPage":{"@id":"https:\/\/thinkincentive.com\/es\/ponte-en-contacto-con\/#primaryimage"},"image":{"@id":"https:\/\/thinkincentive.com\/es\/ponte-en-contacto-con\/#primaryimage"},"thumbnailUrl":"http:\/\/thinkincentive.com\/wp-content\/uploads\/contact-equipe.png","datePublished":"2024-06-19T00:19:30+00:00","dateModified":"2024-12-17T19:22:39+00:00","breadcrumb":{"@id":"https:\/\/thinkincentive.com\/es\/ponte-en-contacto-con\/#breadcrumb"},"inLanguage":"es","potentialAction":[{"@type":"ReadAction","target":["https:\/\/thinkincentive.com\/es\/ponte-en-contacto-con\/"]}]},{"@type":"ImageObject","inLanguage":"es","@id":"https:\/\/thinkincentive.com\/es\/ponte-en-contacto-con\/#primaryimage","url":"http:\/\/thinkincentive.com\/wp-content\/uploads\/contact-equipe.png","contentUrl":"http:\/\/thinkincentive.com\/wp-content\/uploads\/contact-equipe.png"},{"@type":"BreadcrumbList","@id":"https:\/\/thinkincentive.com\/es\/ponte-en-contacto-con\/#breadcrumb","itemListElement":[{"@type":"ListItem","position":1,"name":"Accueil","item":"https:\/\/thinkincentive.com\/es\/"},{"@type":"ListItem","position":2,"name":"Cont\u00e1ctenos"}]},{"@type":"WebSite","@id":"https:\/\/thinkincentive.com\/es\/#website","url":"https:\/\/thinkincentive.com\/es\/","name":"TH!NK INCENTIVE","description":"Corporate Events in Canada &amp; USA","publisher":{"@id":"https:\/\/thinkincentive.com\/es\/#organization"},"potentialAction":[{"@type":"SearchAction","target":{"@type":"EntryPoint","urlTemplate":"https:\/\/thinkincentive.com\/es\/?s={search_term_string}"},"query-input":{"@type":"PropertyValueSpecification","valueRequired":true,"valueName":"search_term_string"}}],"inLanguage":"es"},{"@type":"Organization","@id":"https:\/\/thinkincentive.com\/es\/#organization","name":"TH!NK INCENTIVE","url":"https:\/\/thinkincentive.com\/es\/","logo":{"@type":"ImageObject","inLanguage":"es","@id":"https:\/\/thinkincentive.com\/es\/#\/schema\/logo\/image\/","url":"https:\/\/thinkincentive.com\/wp-content\/uploads\/cropped-logo-Think-PNG.png","contentUrl":"https:\/\/thinkincentive.com\/wp-content\/uploads\/cropped-logo-Think-PNG.png","width":800,"height":320,"caption":"TH!NK INCENTIVE"},"image":{"@id":"https:\/\/thinkincentive.com\/es\/#\/schema\/logo\/image\/"}}]}},"_links":{"self":[{"href":"https:\/\/thinkincentive.com\/es\/wp-json\/wp\/v2\/pages\/3064","targetHints":{"allow":["GET"]}}],"collection":[{"href":"https:\/\/thinkincentive.com\/es\/wp-json\/wp\/v2\/pages"}],"about":[{"href":"https:\/\/thinkincentive.com\/es\/wp-json\/wp\/v2\/types\/page"}],"author":[{"embeddable":true,"href":"https:\/\/thinkincentive.com\/es\/wp-json\/wp\/v2\/users\/10"}],"replies":[{"embeddable":true,"href":"https:\/\/thinkincentive.com\/es\/wp-json\/wp\/v2\/comments?post=3064"}],"version-history":[{"count":0,"href":"https:\/\/thinkincentive.com\/es\/wp-json\/wp\/v2\/pages\/3064\/revisions"}],"wp:attachment":[{"href":"https:\/\/thinkincentive.com\/es\/wp-json\/wp\/v2\/media?parent=3064"}],"curies":[{"name":"wp","href":"https:\/\/api.w.org\/{rel}","templated":true}]}}