{"id":3067,"date":"2024-06-25T14:55:00","date_gmt":"2024-06-25T18:55:00","guid":{"rendered":"https:\/\/thinkincentive.com\/nuestro-compromiso\/"},"modified":"2024-09-11T15:20:57","modified_gmt":"2024-09-11T19:20:57","slug":"nuestro-compromiso","status":"publish","type":"page","link":"https:\/\/thinkincentive.com\/es\/nuestro-compromiso\/","title":{"rendered":"Nuestro compromiso"},"content":{"rendered":"\t\t<div data-elementor-type=\"wp-page\" data-elementor-id=\"3067\" class=\"elementor elementor-3067 elementor-1765\" data-elementor-post-type=\"page\">\n\t\t\t\t<div class=\"elementor-element elementor-element-9cdb805 e-flex e-con-boxed e-con e-parent\" data-id=\"9cdb805\" data-element_type=\"container\" data-settings=\"{&quot;background_background&quot;:&quot;classic&quot;}\">\n\t\t\t\t\t<div class=\"e-con-inner\">\n\t\t\t\t<div class=\"elementor-element elementor-element-e5ebf6f elementor-widget elementor-widget-heading\" data-id=\"e5ebf6f\" data-element_type=\"widget\" data-widget_type=\"heading.default\">\n\t\t\t\t<div class=\"elementor-widget-container\">\n\t\t\t<h1 class=\"elementor-heading-title elementor-size-default\">Nuestro compromiso<\/h1>\t\t<\/div>\n\t\t\t\t<\/div>\n\t\t\t\t\t<\/div>\n\t\t\t\t<\/div>\n\t\t<div class=\"elementor-element elementor-element-8dca4b3 e-flex e-con-boxed e-con e-parent\" data-id=\"8dca4b3\" data-element_type=\"container\">\n\t\t\t\t\t<div class=\"e-con-inner\">\n\t\t<div class=\"elementor-element elementor-element-48038a0 e-con-full e-flex e-con e-child\" data-id=\"48038a0\" data-element_type=\"container\">\n\t\t\t\t<div class=\"elementor-element elementor-element-89da669 elementor-widget elementor-widget-heading\" data-id=\"89da669\" data-element_type=\"widget\" data-widget_type=\"heading.default\">\n\t\t\t\t<div class=\"elementor-widget-container\">\n\t\t\t<h2 class=\"elementor-heading-title elementor-size-default\">Una visi\u00f3n del turismo sostenible<\/h2>\t\t<\/div>\n\t\t\t\t<\/div>\n\t\t\t\t<div class=\"elementor-element elementor-element-82c7008 elementor-widget elementor-widget-text-editor\" data-id=\"82c7008\" data-element_type=\"widget\" data-widget_type=\"text-editor.default\">\n\t\t\t\t<div class=\"elementor-widget-container\">\n\t\t\t\t\t\t\t<p>Conscientes de nuestra responsabilidad, trabajamos en favor de los territorios en los que operamos y de las comunidades locales. Creemos firmemente que es posible seguir disfrutando de experiencias inspiradoras, mientras minimizamos los impactos negativos y maximizamos los beneficios positivos del turismo y los eventos. Nos esforzamos por ofrecer itinerarios respetuosos con el medio ambiente, acompa\u00f1ados de iniciativas sostenibles. Adem\u00e1s, brindamos la oportunidad de apoyar a organizaciones, ya sea participando en actividades o respaldando financieramente sus proyectos. Nos enorgullece seleccionar proveedores confiables y comprometidos con la sostenibilidad.    <\/p>\n\t\t\t\t\t\t<\/div>\n\t\t\t\t<\/div>\n\t\t\t\t<\/div>\n\t\t<div class=\"elementor-element elementor-element-c063b2b e-con-full e-flex e-con e-child\" data-id=\"c063b2b\" data-element_type=\"container\">\n\t\t\t\t<div class=\"elementor-element elementor-element-67d56b7 elementor-widget elementor-widget-image\" data-id=\"67d56b7\" data-element_type=\"widget\" data-widget_type=\"image.default\">\n\t\t\t\t<div class=\"elementor-widget-container\">\n\t\t\t\t\t\t\t\t\t\t\t\t\t<img fetchpriority=\"high\" decoding=\"async\" width=\"800\" height=\"800\" src=\"https:\/\/thinkincentive.com\/wp-content\/uploads\/THINK-TOURISME-DURABLE.png\" class=\"attachment-large size-large wp-image-3068\" alt=\"\" srcset=\"https:\/\/thinkincentive.com\/wp-content\/uploads\/THINK-TOURISME-DURABLE.png 800w, https:\/\/thinkincentive.com\/wp-content\/uploads\/THINK-TOURISME-DURABLE-300x300.png 300w, https:\/\/thinkincentive.com\/wp-content\/uploads\/THINK-TOURISME-DURABLE-150x150.png 150w, https:\/\/thinkincentive.com\/wp-content\/uploads\/THINK-TOURISME-DURABLE-768x768.png 768w\" sizes=\"(max-width: 800px) 100vw, 800px\" \/>\t\t\t\t\t\t\t\t\t\t\t\t\t<\/div>\n\t\t\t\t<\/div>\n\t\t\t\t<\/div>\n\t\t\t\t\t<\/div>\n\t\t\t\t<\/div>\n\t\t<div class=\"elementor-element elementor-element-5665d0b e-flex e-con-boxed e-con e-parent\" data-id=\"5665d0b\" data-element_type=\"container\" data-settings=\"{&quot;background_background&quot;:&quot;classic&quot;}\">\n\t\t\t\t\t<div class=\"e-con-inner\">\n\t\t<div class=\"elementor-element elementor-element-d25865f e-con-full e-flex e-con e-child\" data-id=\"d25865f\" data-element_type=\"container\">\n\t\t\t\t<div class=\"elementor-element elementor-element-6b9cc84 elementor-widget elementor-widget-image\" data-id=\"6b9cc84\" data-element_type=\"widget\" data-widget_type=\"image.default\">\n\t\t\t\t<div class=\"elementor-widget-container\">\n\t\t\t\t\t\t\t\t\t\t\t\t\t<img decoding=\"async\" width=\"800\" height=\"800\" src=\"https:\/\/thinkincentive.com\/wp-content\/uploads\/THINK-INCENTIVE-RSE-1024x1024.png\" class=\"attachment-large size-large wp-image-3281\" alt=\"\" srcset=\"https:\/\/thinkincentive.com\/wp-content\/uploads\/THINK-INCENTIVE-RSE-1024x1024.png 1024w, https:\/\/thinkincentive.com\/wp-content\/uploads\/THINK-INCENTIVE-RSE-300x300.png 300w, https:\/\/thinkincentive.com\/wp-content\/uploads\/THINK-INCENTIVE-RSE-150x150.png 150w, https:\/\/thinkincentive.com\/wp-content\/uploads\/THINK-INCENTIVE-RSE-768x768.png 768w, https:\/\/thinkincentive.com\/wp-content\/uploads\/THINK-INCENTIVE-RSE.png 1080w\" sizes=\"(max-width: 800px) 100vw, 800px\" \/>\t\t\t\t\t\t\t\t\t\t\t\t\t<\/div>\n\t\t\t\t<\/div>\n\t\t\t\t<\/div>\n\t\t<div class=\"elementor-element elementor-element-6e3136b e-con-full e-flex e-con e-child\" data-id=\"6e3136b\" data-element_type=\"container\">\n\t\t\t\t<div class=\"elementor-element elementor-element-b2e13b1 elementor-widget elementor-widget-heading\" data-id=\"b2e13b1\" data-element_type=\"widget\" data-widget_type=\"heading.default\">\n\t\t\t\t<div class=\"elementor-widget-container\">\n\t\t\t<h2 class=\"elementor-heading-title elementor-size-default\">Travelife Partner<\/h2>\t\t<\/div>\n\t\t\t\t<\/div>\n\t\t\t\t<div class=\"elementor-element elementor-element-9a66b88 elementor-widget elementor-widget-text-editor\" data-id=\"9a66b88\" data-element_type=\"widget\" data-widget_type=\"text-editor.default\">\n\t\t\t\t<div class=\"elementor-widget-container\">\n\t\t\t\t\t\t\t<div id=\"comp-luvfe38m1\" class=\"comp-luvfe38m1 YzqVVZ wixui-column-strip__column\">\n<div class=\"\" data-mesh-id=\"comp-luvfe38m1inlineContent\" data-testid=\"inline-content\">\n<div data-mesh-id=\"comp-luvfe38m1inlineContent-gridContainer\" data-testid=\"mesh-container-content\">\n<div id=\"comp-luvfe38u1\" class=\"HcOXKn c9GqVL QxJLC3 comp-luvfe38u1 wixui-rich-text\" data-testid=\"richTextElement\">\n<p class=\"font_8 wixui-rich-text__text\"><span class=\"wixui-rich-text__text\"><span class=\"color_14 wixui-rich-text__text\">En 2019, se cre\u00f3 el comit\u00e9 ToundriGoCare para garantizar la adopci\u00f3n de pr\u00e1cticas sostenibles y eficaces en todas nuestras marcas. Impulsados por el deseo de actuar, iniciamos el proceso de certificaci\u00f3n Travelife, un programa de referencia en formaci\u00f3n, gesti\u00f3n y certificaci\u00f3n para empresas del sector tur\u00edstico que desean avanzar hacia la sostenibilidad. Travelife adapta los Objetivos de Desarrollo Sostenible de las Naciones Unidas espec\u00edficamente para la industria del turismo. <\/span><\/span><\/p>\n<p class=\"font_8 wixui-rich-text__text\"><span class=\"wixui-rich-text__text\"><span class=\"color_14 wixui-rich-text__text\">En 2024, ToundriGo fue reconocido por sus esfuerzos al convertirse oficialmente en Travelife Partner, marcando as\u00ed el primer paso en nuestra trayectoria hacia un futuro m\u00e1s verde. Seguimos integrando los principios de sostenibilidad en nuestras operaciones y aspiramos a alcanzar la certificaci\u00f3n completa para 2025.  <\/span><\/span><\/p>\n<\/div>\n<\/div>\n<\/div>\n<\/div>\n\t\t\t\t\t\t<\/div>\n\t\t\t\t<\/div>\n\t\t\t\t<div class=\"elementor-element elementor-element-1c13c76 elementor-widget elementor-widget-button\" data-id=\"1c13c76\" data-element_type=\"widget\" data-widget_type=\"button.default\">\n\t\t\t\t<div class=\"elementor-widget-container\">\n\t\t\t\t\t<div class=\"elementor-button-wrapper\">\n\t\t\t<a class=\"elementor-button elementor-button-link elementor-size-sm\" href=\"https:\/\/www.toundrigo.com\/en\/toundrigocare\" target=\"_blank\">\n\t\t\t\t\t\t<span class=\"elementor-button-content-wrapper\">\n\t\t\t\t\t\t\t\t\t<span class=\"elementor-button-text\">Saber m\u00e1s<\/span>\n\t\t\t\t\t<\/span>\n\t\t\t\t\t<\/a>\n\t\t<\/div>\n\t\t\t\t<\/div>\n\t\t\t\t<\/div>\n\t\t\t\t<\/div>\n\t\t\t\t\t<\/div>\n\t\t\t\t<\/div>\n\t\t<div class=\"elementor-element elementor-element-954cb4c e-flex e-con-boxed e-con e-parent\" data-id=\"954cb4c\" data-element_type=\"container\" data-settings=\"{&quot;background_background&quot;:&quot;classic&quot;}\">\n\t\t\t\t\t<div class=\"e-con-inner\">\n\t\t<div class=\"elementor-element elementor-element-b9274ae e-con-full e-flex e-con e-child\" data-id=\"b9274ae\" data-element_type=\"container\">\n\t\t\t\t<div class=\"elementor-element elementor-element-5383bef elementor-widget elementor-widget-heading\" data-id=\"5383bef\" data-element_type=\"widget\" data-widget_type=\"heading.default\">\n\t\t\t\t<div class=\"elementor-widget-container\">\n\t\t\t<h2 class=\"elementor-heading-title elementor-size-default\">\u00a1Nuestras experiencias sostenibles favoritas!<\/h2>\t\t<\/div>\n\t\t\t\t<\/div>\n\t\t\t\t<div class=\"elementor-element elementor-element-6f521d0 elementor-widget elementor-widget-text-editor\" data-id=\"6f521d0\" data-element_type=\"widget\" data-widget_type=\"text-editor.default\">\n\t\t\t\t<div class=\"elementor-widget-container\">\n\t\t\t\t\t\t\t<p>Tradicionales, \u00fanicas, deportivas, atrevidas, gourmet&#8230; Hay muchas experiencias que pueden reunir a sus invitados, pero algunas realmente marcan la diferencia en t\u00e9rminos de responsabilidad social empresarial (RSE). <\/p>\n\t\t\t\t\t\t<\/div>\n\t\t\t\t<\/div>\n\t\t\t\t<\/div>\n\t\t\t\t\t<\/div>\n\t\t\t\t<\/div>\n\t\t<div class=\"elementor-element elementor-element-13587ae e-flex e-con-boxed e-con e-parent\" data-id=\"13587ae\" data-element_type=\"container\" data-settings=\"{&quot;background_background&quot;:&quot;classic&quot;}\">\n\t\t\t\t\t<div class=\"e-con-inner\">\n\t\t<a class=\"elementor-element elementor-element-c7e57a4 e-con-full e-flex e-con e-child\" data-id=\"c7e57a4\" data-element_type=\"container\" data-settings=\"{&quot;background_background&quot;:&quot;classic&quot;}\" href=\"https:\/\/thinkincentive.com\/experience\/cooking-class-at-the-farmers-market\/\">\n\t\t\t\t<div class=\"elementor-element elementor-element-ff88305 elementor-widget elementor-widget-image\" data-id=\"ff88305\" data-element_type=\"widget\" data-widget_type=\"image.default\">\n\t\t\t\t<div class=\"elementor-widget-container\">\n\t\t\t\t\t\t\t\t\t\t\t\t\t<img decoding=\"async\" width=\"800\" height=\"600\" src=\"https:\/\/thinkincentive.com\/wp-content\/uploads\/Cooking-Class.png\" class=\"attachment-large size-large wp-image-3513\" alt=\"\" srcset=\"https:\/\/thinkincentive.com\/wp-content\/uploads\/Cooking-Class.png 800w, https:\/\/thinkincentive.com\/wp-content\/uploads\/Cooking-Class-300x225.png 300w, https:\/\/thinkincentive.com\/wp-content\/uploads\/Cooking-Class-768x576.png 768w\" sizes=\"(max-width: 800px) 100vw, 800px\" \/>\t\t\t\t\t\t\t\t\t\t\t\t\t<\/div>\n\t\t\t\t<\/div>\n\t\t\t\t<div class=\"elementor-element elementor-element-5af406c elementor-widget elementor-widget-heading\" data-id=\"5af406c\" data-element_type=\"widget\" data-widget_type=\"heading.default\">\n\t\t\t\t<div class=\"elementor-widget-container\">\n\t\t\t<h3 class=\"elementor-heading-title elementor-size-default\">Cocinar y ayudar a la comunidad<\/h3>\t\t<\/div>\n\t\t\t\t<\/div>\n\t\t\t\t<div class=\"elementor-element elementor-element-880ce05 elementor-widget elementor-widget-text-editor\" data-id=\"880ce05\" data-element_type=\"widget\" data-widget_type=\"text-editor.default\">\n\t\t\t\t<div class=\"elementor-widget-container\">\n\t\t\t\t\t\t\t<p>Le damos la oportunidad de a\u00f1adir un aspecto de RSE a su actividad de equipo con este taller solidario. Todos los platos&#8230; <\/p>\n\t\t\t\t\t\t<\/div>\n\t\t\t\t<\/div>\n\t\t\t\t<\/a>\n\t\t<a class=\"elementor-element elementor-element-5be6771 e-con-full e-flex e-con e-child\" data-id=\"5be6771\" data-element_type=\"container\" data-settings=\"{&quot;background_background&quot;:&quot;classic&quot;}\" href=\"https:\/\/thinkincentive.com\/experience\/meet-the-whales-of-the-st-lawrence\/\">\n\t\t\t\t<div class=\"elementor-element elementor-element-c56c662 elementor-widget elementor-widget-image\" data-id=\"c56c662\" data-element_type=\"widget\" data-widget_type=\"image.default\">\n\t\t\t\t<div class=\"elementor-widget-container\">\n\t\t\t\t\t\t\t\t\t\t\t\t\t<img loading=\"lazy\" decoding=\"async\" width=\"800\" height=\"600\" src=\"https:\/\/thinkincentive.com\/wp-content\/uploads\/Whale-watching-1-1024x768.png\" class=\"attachment-large size-large wp-image-3136\" alt=\"\" srcset=\"https:\/\/thinkincentive.com\/wp-content\/uploads\/Whale-watching-1-1024x768.png 1024w, https:\/\/thinkincentive.com\/wp-content\/uploads\/Whale-watching-1-300x225.png 300w, https:\/\/thinkincentive.com\/wp-content\/uploads\/Whale-watching-1-768x576.png 768w, https:\/\/thinkincentive.com\/wp-content\/uploads\/Whale-watching-1-1536x1152.png 1536w, https:\/\/thinkincentive.com\/wp-content\/uploads\/Whale-watching-1.png 2000w\" sizes=\"(max-width: 800px) 100vw, 800px\" \/>\t\t\t\t\t\t\t\t\t\t\t\t\t<\/div>\n\t\t\t\t<\/div>\n\t\t\t\t<div class=\"elementor-element elementor-element-9b99a00 elementor-widget elementor-widget-heading\" data-id=\"9b99a00\" data-element_type=\"widget\" data-widget_type=\"heading.default\">\n\t\t\t\t<div class=\"elementor-widget-container\">\n\t\t\t<h3 class=\"elementor-heading-title elementor-size-default\">Conoce a las ballenas del San Lorenzo<\/h3>\t\t<\/div>\n\t\t\t\t<\/div>\n\t\t\t\t<div class=\"elementor-element elementor-element-e752a57 elementor-widget elementor-widget-text-editor\" data-id=\"e752a57\" data-element_type=\"widget\" data-widget_type=\"text-editor.default\">\n\t\t\t\t<div class=\"elementor-widget-container\">\n\t\t\t\t\t\t\t<p>Emb\u00e1rquese en una zodiac y d\u00e9jese llevar por las corrientes del r\u00edo&#8230; De junio a octubre, te llevar\u00e1n&#8230;  <\/p>\n\t\t\t\t\t\t<\/div>\n\t\t\t\t<\/div>\n\t\t\t\t<\/a>\n\t\t<a class=\"elementor-element elementor-element-39eed48 e-con-full e-flex e-con e-child\" data-id=\"39eed48\" data-element_type=\"container\" data-settings=\"{&quot;background_background&quot;:&quot;classic&quot;}\" href=\"https:\/\/thinkincentive.com\/experience\/have-fun-and-support-sports-programs-for-young-people\/\">\n\t\t\t\t<div class=\"elementor-element elementor-element-3f1a0dc elementor-widget elementor-widget-image\" data-id=\"3f1a0dc\" data-element_type=\"widget\" data-widget_type=\"image.default\">\n\t\t\t\t<div class=\"elementor-widget-container\">\n\t\t\t\t\t\t\t\t\t\t\t\t\t<img loading=\"lazy\" decoding=\"async\" width=\"800\" height=\"600\" src=\"https:\/\/thinkincentive.com\/wp-content\/uploads\/softball-lancer-1024x768.png\" class=\"attachment-large size-large wp-image-3650\" alt=\"\" srcset=\"https:\/\/thinkincentive.com\/wp-content\/uploads\/softball-lancer-1024x768.png 1024w, https:\/\/thinkincentive.com\/wp-content\/uploads\/softball-lancer-300x225.png 300w, https:\/\/thinkincentive.com\/wp-content\/uploads\/softball-lancer-768x576.png 768w, https:\/\/thinkincentive.com\/wp-content\/uploads\/softball-lancer-1536x1152.png 1536w, https:\/\/thinkincentive.com\/wp-content\/uploads\/softball-lancer.png 2000w\" sizes=\"(max-width: 800px) 100vw, 800px\" \/>\t\t\t\t\t\t\t\t\t\t\t\t\t<\/div>\n\t\t\t\t<\/div>\n\t\t\t\t<div class=\"elementor-element elementor-element-33b1a86 elementor-widget elementor-widget-heading\" data-id=\"33b1a86\" data-element_type=\"widget\" data-widget_type=\"heading.default\">\n\t\t\t\t<div class=\"elementor-widget-container\">\n\t\t\t<h3 class=\"elementor-heading-title elementor-size-default\">Divi\u00e9rtete y apoya los programas deportivos para j\u00f3venes<\/h3>\t\t<\/div>\n\t\t\t\t<\/div>\n\t\t\t\t<div class=\"elementor-element elementor-element-f3190bf elementor-widget elementor-widget-text-editor\" data-id=\"f3190bf\" data-element_type=\"widget\" data-widget_type=\"text-editor.default\">\n\t\t\t\t<div class=\"elementor-widget-container\">\n\t\t\t\t\t\t\t<p>T\u00edpico deporte norteamericano, el softball es sin\u00f3nimo de diversi\u00f3n en equipo. Acompa\u00f1ado por entrenadores profesionales, conocer\u00e1s&#8230; <\/p>\n\t\t\t\t\t\t<\/div>\n\t\t\t\t<\/div>\n\t\t\t\t<\/a>\n\t\t\t\t\t<\/div>\n\t\t\t\t<\/div>\n\t\t\t\t<\/div>\n\t\t","protected":false},"excerpt":{"rendered":"<p>Nuestro compromiso Una visi\u00f3n del turismo sostenible Conscientes de nuestra responsabilidad, trabajamos en favor de los territorios en los que operamos y de las comunidades locales. Creemos firmemente que es posible seguir disfrutando de experiencias inspiradoras, mientras minimizamos los impactos negativos y maximizamos los beneficios positivos del turismo y los eventos. Nos esforzamos por ofrecer [&hellip;]<\/p>\n","protected":false},"author":10,"featured_media":0,"parent":0,"menu_order":0,"comment_status":"closed","ping_status":"closed","template":"elementor_header_footer","meta":{"_acf_changed":false,"footnotes":""},"class_list":["post-3067","page","type-page","status-publish","hentry"],"acf":[],"yoast_head":"<!-- This site is optimized with the Yoast SEO plugin v23.6 - https:\/\/yoast.com\/wordpress\/plugins\/seo\/ -->\n<title>Nuestro compromiso - TH!NK INCENTIVE<\/title>\n<meta name=\"description\" content=\"Estamos comprometidos con el turismo sostenible y trabajamos para conseguir experiencias corporativas m\u00e1s respetuosas. \u00a1En camino hacia la certificaci\u00f3n Travelife!\" \/>\n<meta name=\"robots\" content=\"index, follow, max-snippet:-1, max-image-preview:large, max-video-preview:-1\" \/>\n<link rel=\"canonical\" href=\"https:\/\/thinkincentive.com\/es\/nuestro-compromiso\/\" \/>\n<meta property=\"og:locale\" content=\"es_ES\" \/>\n<meta property=\"og:type\" content=\"article\" \/>\n<meta property=\"og:title\" content=\"Nuestro compromiso - TH!NK INCENTIVE\" \/>\n<meta property=\"og:description\" content=\"Estamos comprometidos con el turismo sostenible y trabajamos para conseguir experiencias corporativas m\u00e1s respetuosas. \u00a1En camino hacia la certificaci\u00f3n Travelife!\" \/>\n<meta property=\"og:url\" content=\"https:\/\/thinkincentive.com\/es\/nuestro-compromiso\/\" \/>\n<meta property=\"og:site_name\" content=\"TH!NK INCENTIVE\" \/>\n<meta property=\"article:modified_time\" content=\"2024-09-11T19:20:57+00:00\" \/>\n<meta property=\"og:image\" content=\"https:\/\/thinkincentive.com\/wp-content\/uploads\/THINK-TOURISME-DURABLE.png\" \/>\n<meta name=\"twitter:card\" content=\"summary_large_image\" \/>\n<meta name=\"twitter:label1\" content=\"Tiempo de lectura\" \/>\n\t<meta name=\"twitter:data1\" content=\"2 minutos\" \/>\n<script type=\"application\/ld+json\" class=\"yoast-schema-graph\">{\"@context\":\"https:\/\/schema.org\",\"@graph\":[{\"@type\":\"WebPage\",\"@id\":\"https:\/\/thinkincentive.com\/es\/nuestro-compromiso\/\",\"url\":\"https:\/\/thinkincentive.com\/es\/nuestro-compromiso\/\",\"name\":\"Nuestro compromiso - TH!NK INCENTIVE\",\"isPartOf\":{\"@id\":\"https:\/\/thinkincentive.com\/es\/#website\"},\"primaryImageOfPage\":{\"@id\":\"https:\/\/thinkincentive.com\/es\/nuestro-compromiso\/#primaryimage\"},\"image\":{\"@id\":\"https:\/\/thinkincentive.com\/es\/nuestro-compromiso\/#primaryimage\"},\"thumbnailUrl\":\"https:\/\/thinkincentive.com\/wp-content\/uploads\/THINK-TOURISME-DURABLE.png\",\"datePublished\":\"2024-06-25T18:55:00+00:00\",\"dateModified\":\"2024-09-11T19:20:57+00:00\",\"description\":\"Estamos comprometidos con el turismo sostenible y trabajamos para conseguir experiencias corporativas m\u00e1s respetuosas. \u00a1En camino hacia la certificaci\u00f3n Travelife!\",\"breadcrumb\":{\"@id\":\"https:\/\/thinkincentive.com\/es\/nuestro-compromiso\/#breadcrumb\"},\"inLanguage\":\"es\",\"potentialAction\":[{\"@type\":\"ReadAction\",\"target\":[\"https:\/\/thinkincentive.com\/es\/nuestro-compromiso\/\"]}]},{\"@type\":\"ImageObject\",\"inLanguage\":\"es\",\"@id\":\"https:\/\/thinkincentive.com\/es\/nuestro-compromiso\/#primaryimage\",\"url\":\"https:\/\/thinkincentive.com\/wp-content\/uploads\/THINK-TOURISME-DURABLE.png\",\"contentUrl\":\"https:\/\/thinkincentive.com\/wp-content\/uploads\/THINK-TOURISME-DURABLE.png\"},{\"@type\":\"BreadcrumbList\",\"@id\":\"https:\/\/thinkincentive.com\/es\/nuestro-compromiso\/#breadcrumb\",\"itemListElement\":[{\"@type\":\"ListItem\",\"position\":1,\"name\":\"Accueil\",\"item\":\"https:\/\/thinkincentive.com\/es\/\"},{\"@type\":\"ListItem\",\"position\":2,\"name\":\"Nuestro compromiso\"}]},{\"@type\":\"WebSite\",\"@id\":\"https:\/\/thinkincentive.com\/es\/#website\",\"url\":\"https:\/\/thinkincentive.com\/es\/\",\"name\":\"TH!NK INCENTIVE\",\"description\":\"Corporate Events in Canada &amp; USA\",\"publisher\":{\"@id\":\"https:\/\/thinkincentive.com\/es\/#organization\"},\"potentialAction\":[{\"@type\":\"SearchAction\",\"target\":{\"@type\":\"EntryPoint\",\"urlTemplate\":\"https:\/\/thinkincentive.com\/es\/?s={search_term_string}\"},\"query-input\":{\"@type\":\"PropertyValueSpecification\",\"valueRequired\":true,\"valueName\":\"search_term_string\"}}],\"inLanguage\":\"es\"},{\"@type\":\"Organization\",\"@id\":\"https:\/\/thinkincentive.com\/es\/#organization\",\"name\":\"TH!NK INCENTIVE\",\"url\":\"https:\/\/thinkincentive.com\/es\/\",\"logo\":{\"@type\":\"ImageObject\",\"inLanguage\":\"es\",\"@id\":\"https:\/\/thinkincentive.com\/es\/#\/schema\/logo\/image\/\",\"url\":\"https:\/\/thinkincentive.com\/wp-content\/uploads\/cropped-logo-Think-PNG.png\",\"contentUrl\":\"https:\/\/thinkincentive.com\/wp-content\/uploads\/cropped-logo-Think-PNG.png\",\"width\":800,\"height\":320,\"caption\":\"TH!NK INCENTIVE\"},\"image\":{\"@id\":\"https:\/\/thinkincentive.com\/es\/#\/schema\/logo\/image\/\"}}]}<\/script>\n<!-- \/ Yoast SEO plugin. -->","yoast_head_json":{"title":"Nuestro compromiso - TH!NK INCENTIVE","description":"Estamos comprometidos con el turismo sostenible y trabajamos para conseguir experiencias corporativas m\u00e1s respetuosas. \u00a1En camino hacia la certificaci\u00f3n Travelife!","robots":{"index":"index","follow":"follow","max-snippet":"max-snippet:-1","max-image-preview":"max-image-preview:large","max-video-preview":"max-video-preview:-1"},"canonical":"https:\/\/thinkincentive.com\/es\/nuestro-compromiso\/","og_locale":"es_ES","og_type":"article","og_title":"Nuestro compromiso - TH!NK INCENTIVE","og_description":"Estamos comprometidos con el turismo sostenible y trabajamos para conseguir experiencias corporativas m\u00e1s respetuosas. \u00a1En camino hacia la certificaci\u00f3n Travelife!","og_url":"https:\/\/thinkincentive.com\/es\/nuestro-compromiso\/","og_site_name":"TH!NK INCENTIVE","article_modified_time":"2024-09-11T19:20:57+00:00","og_image":[{"url":"https:\/\/thinkincentive.com\/wp-content\/uploads\/THINK-TOURISME-DURABLE.png"}],"twitter_card":"summary_large_image","twitter_misc":{"Tiempo de lectura":"2 minutos"},"schema":{"@context":"https:\/\/schema.org","@graph":[{"@type":"WebPage","@id":"https:\/\/thinkincentive.com\/es\/nuestro-compromiso\/","url":"https:\/\/thinkincentive.com\/es\/nuestro-compromiso\/","name":"Nuestro compromiso - TH!NK INCENTIVE","isPartOf":{"@id":"https:\/\/thinkincentive.com\/es\/#website"},"primaryImageOfPage":{"@id":"https:\/\/thinkincentive.com\/es\/nuestro-compromiso\/#primaryimage"},"image":{"@id":"https:\/\/thinkincentive.com\/es\/nuestro-compromiso\/#primaryimage"},"thumbnailUrl":"https:\/\/thinkincentive.com\/wp-content\/uploads\/THINK-TOURISME-DURABLE.png","datePublished":"2024-06-25T18:55:00+00:00","dateModified":"2024-09-11T19:20:57+00:00","description":"Estamos comprometidos con el turismo sostenible y trabajamos para conseguir experiencias corporativas m\u00e1s respetuosas. \u00a1En camino hacia la certificaci\u00f3n Travelife!","breadcrumb":{"@id":"https:\/\/thinkincentive.com\/es\/nuestro-compromiso\/#breadcrumb"},"inLanguage":"es","potentialAction":[{"@type":"ReadAction","target":["https:\/\/thinkincentive.com\/es\/nuestro-compromiso\/"]}]},{"@type":"ImageObject","inLanguage":"es","@id":"https:\/\/thinkincentive.com\/es\/nuestro-compromiso\/#primaryimage","url":"https:\/\/thinkincentive.com\/wp-content\/uploads\/THINK-TOURISME-DURABLE.png","contentUrl":"https:\/\/thinkincentive.com\/wp-content\/uploads\/THINK-TOURISME-DURABLE.png"},{"@type":"BreadcrumbList","@id":"https:\/\/thinkincentive.com\/es\/nuestro-compromiso\/#breadcrumb","itemListElement":[{"@type":"ListItem","position":1,"name":"Accueil","item":"https:\/\/thinkincentive.com\/es\/"},{"@type":"ListItem","position":2,"name":"Nuestro compromiso"}]},{"@type":"WebSite","@id":"https:\/\/thinkincentive.com\/es\/#website","url":"https:\/\/thinkincentive.com\/es\/","name":"TH!NK INCENTIVE","description":"Corporate Events in Canada &amp; USA","publisher":{"@id":"https:\/\/thinkincentive.com\/es\/#organization"},"potentialAction":[{"@type":"SearchAction","target":{"@type":"EntryPoint","urlTemplate":"https:\/\/thinkincentive.com\/es\/?s={search_term_string}"},"query-input":{"@type":"PropertyValueSpecification","valueRequired":true,"valueName":"search_term_string"}}],"inLanguage":"es"},{"@type":"Organization","@id":"https:\/\/thinkincentive.com\/es\/#organization","name":"TH!NK INCENTIVE","url":"https:\/\/thinkincentive.com\/es\/","logo":{"@type":"ImageObject","inLanguage":"es","@id":"https:\/\/thinkincentive.com\/es\/#\/schema\/logo\/image\/","url":"https:\/\/thinkincentive.com\/wp-content\/uploads\/cropped-logo-Think-PNG.png","contentUrl":"https:\/\/thinkincentive.com\/wp-content\/uploads\/cropped-logo-Think-PNG.png","width":800,"height":320,"caption":"TH!NK INCENTIVE"},"image":{"@id":"https:\/\/thinkincentive.com\/es\/#\/schema\/logo\/image\/"}}]}},"_links":{"self":[{"href":"https:\/\/thinkincentive.com\/es\/wp-json\/wp\/v2\/pages\/3067","targetHints":{"allow":["GET"]}}],"collection":[{"href":"https:\/\/thinkincentive.com\/es\/wp-json\/wp\/v2\/pages"}],"about":[{"href":"https:\/\/thinkincentive.com\/es\/wp-json\/wp\/v2\/types\/page"}],"author":[{"embeddable":true,"href":"https:\/\/thinkincentive.com\/es\/wp-json\/wp\/v2\/users\/10"}],"replies":[{"embeddable":true,"href":"https:\/\/thinkincentive.com\/es\/wp-json\/wp\/v2\/comments?post=3067"}],"version-history":[{"count":0,"href":"https:\/\/thinkincentive.com\/es\/wp-json\/wp\/v2\/pages\/3067\/revisions"}],"wp:attachment":[{"href":"https:\/\/thinkincentive.com\/es\/wp-json\/wp\/v2\/media?parent=3067"}],"curies":[{"name":"wp","href":"https:\/\/api.w.org\/{rel}","templated":true}]}}