{"id":3070,"date":"2024-06-25T14:30:14","date_gmt":"2024-06-25T18:30:14","guid":{"rendered":"https:\/\/thinkincentive.com\/equipo\/"},"modified":"2026-01-28T12:50:10","modified_gmt":"2026-01-28T17:50:10","slug":"equipo","status":"publish","type":"page","link":"https:\/\/thinkincentive.com\/es\/equipo\/","title":{"rendered":"Equipo"},"content":{"rendered":"\t\t<div data-elementor-type=\"wp-page\" data-elementor-id=\"3070\" class=\"elementor elementor-3070 elementor-1764\" data-elementor-post-type=\"page\">\n\t\t\t\t<div class=\"elementor-element elementor-element-99d51f3 e-flex e-con-boxed e-con e-parent\" data-id=\"99d51f3\" data-element_type=\"container\" data-settings=\"{&quot;background_background&quot;:&quot;classic&quot;}\">\n\t\t\t\t\t<div class=\"e-con-inner\">\n\t\t\t\t<div class=\"elementor-element elementor-element-3dd02f4 elementor-widget elementor-widget-heading\" data-id=\"3dd02f4\" data-element_type=\"widget\" data-widget_type=\"heading.default\">\n\t\t\t\t<div class=\"elementor-widget-container\">\n\t\t\t<h1 class=\"elementor-heading-title elementor-size-default\">Nuestro equipo<\/h1>\t\t<\/div>\n\t\t\t\t<\/div>\n\t\t\t\t\t<\/div>\n\t\t\t\t<\/div>\n\t\t<div class=\"elementor-element elementor-element-f85cb33 e-flex e-con-boxed e-con e-parent\" data-id=\"f85cb33\" data-element_type=\"container\">\n\t\t\t\t\t<div class=\"e-con-inner\">\n\t\t<div class=\"elementor-element elementor-element-a993f94 e-con-full e-flex e-con e-child\" data-id=\"a993f94\" data-element_type=\"container\">\n\t\t\t\t<div class=\"elementor-element elementor-element-24063ae elementor-widget elementor-widget-heading\" data-id=\"24063ae\" data-element_type=\"widget\" data-widget_type=\"heading.default\">\n\t\t\t\t<div class=\"elementor-widget-container\">\n\t\t\t<h2 class=\"elementor-heading-title elementor-size-default\">Un equipo polivalente a su disposicion<\/h2>\t\t<\/div>\n\t\t\t\t<\/div>\n\t\t\t\t<div class=\"elementor-element elementor-element-d0cca2b elementor-widget elementor-widget-text-editor\" data-id=\"d0cca2b\" data-element_type=\"widget\" data-widget_type=\"text-editor.default\">\n\t\t\t\t<div class=\"elementor-widget-container\">\n\t\t\t\t\t\t\t<p>\u00bfNuestra mayor fortaleza? Un equipo apasionado y experto en Canad\u00e1 y Estados Unidos que se esfuerza continuamente por superar expectativas. Nos dedicamos a crear ofertas personalizadas y exclusivas que se adaptan a sus necesidades dentro de los plazos establecidos y brindando un soporte excepcional en cada etapa del proyecto. Al confiar en nosotros, disfruta de nuestra proactividad, atenci\u00f3n meticulosa al detalle y eficacia, asegurando que cada experiencia sea memorable y sin contratiempos.    <\/p>\n\t\t\t\t\t\t<\/div>\n\t\t\t\t<\/div>\n\t\t\t\t<div class=\"elementor-element elementor-element-11fec9c elementor-widget elementor-widget-button\" data-id=\"11fec9c\" data-element_type=\"widget\" data-widget_type=\"button.default\">\n\t\t\t\t<div class=\"elementor-widget-container\">\n\t\t\t\t\t<div class=\"elementor-button-wrapper\">\n\t\t\t<a class=\"elementor-button elementor-button-link elementor-size-sm\" href=\"https:\/\/thinkincentive.com\/es\/ponte-en-contacto-con\/\">\n\t\t\t\t\t\t<span class=\"elementor-button-content-wrapper\">\n\t\t\t\t\t\t\t\t\t<span class=\"elementor-button-text\">Cont\u00e1ctenos<\/span>\n\t\t\t\t\t<\/span>\n\t\t\t\t\t<\/a>\n\t\t<\/div>\n\t\t\t\t<\/div>\n\t\t\t\t<\/div>\n\t\t\t\t<\/div>\n\t\t<div class=\"elementor-element elementor-element-159025a e-con-full e-flex e-con e-child\" data-id=\"159025a\" data-element_type=\"container\">\n\t\t\t\t<div class=\"elementor-element elementor-element-96f73b2 elementor-widget elementor-widget-image\" data-id=\"96f73b2\" data-element_type=\"widget\" data-widget_type=\"image.default\">\n\t\t\t\t<div class=\"elementor-widget-container\">\n\t\t\t\t\t\t\t\t\t\t\t\t\t<img fetchpriority=\"high\" decoding=\"async\" width=\"800\" height=\"800\" src=\"https:\/\/thinkincentive.com\/wp-content\/uploads\/THINK-INCENTIVE-AGENCY-PAGE.png\" class=\"attachment-large size-large wp-image-3207\" alt=\"\" srcset=\"https:\/\/thinkincentive.com\/wp-content\/uploads\/THINK-INCENTIVE-AGENCY-PAGE.png 800w, https:\/\/thinkincentive.com\/wp-content\/uploads\/THINK-INCENTIVE-AGENCY-PAGE-300x300.png 300w, https:\/\/thinkincentive.com\/wp-content\/uploads\/THINK-INCENTIVE-AGENCY-PAGE-150x150.png 150w, https:\/\/thinkincentive.com\/wp-content\/uploads\/THINK-INCENTIVE-AGENCY-PAGE-768x768.png 768w\" sizes=\"(max-width: 800px) 100vw, 800px\" \/>\t\t\t\t\t\t\t\t\t\t\t\t\t<\/div>\n\t\t\t\t<\/div>\n\t\t\t\t<\/div>\n\t\t\t\t\t<\/div>\n\t\t\t\t<\/div>\n\t\t<div class=\"elementor-element elementor-element-0776bd9 e-flex e-con-boxed e-con e-parent\" data-id=\"0776bd9\" data-element_type=\"container\" data-settings=\"{&quot;background_background&quot;:&quot;classic&quot;}\">\n\t\t\t\t\t<div class=\"e-con-inner\">\n\t\t\t\t<div class=\"elementor-element elementor-element-cd52623 elementor-widget elementor-widget-heading\" data-id=\"cd52623\" data-element_type=\"widget\" data-widget_type=\"heading.default\">\n\t\t\t\t<div class=\"elementor-widget-container\">\n\t\t\t<h2 class=\"elementor-heading-title elementor-size-default\">Sus contactos privilegiados<\/h2>\t\t<\/div>\n\t\t\t\t<\/div>\n\t\t\t\t<div class=\"elementor-element elementor-element-6e58804 elementor-widget elementor-widget-text-editor\" data-id=\"6e58804\" data-element_type=\"widget\" data-widget_type=\"text-editor.default\">\n\t\t\t\t<div class=\"elementor-widget-container\">\n\t\t\t\t\t\t\t<p>Profesionalidad, creatividad y un toque de audacia a su servicio. Nuestro equipo es un vibrante mosaico de personas apasionadas de todas las procedencias. Franc\u00e9s, Ingl\u00e9s o Espa\u00f1ol, \u00a1nosotros nos encargamos!<\/p>\n\t\t\t\t\t\t<\/div>\n\t\t\t\t<\/div>\n\t\t\t\t\t<\/div>\n\t\t\t\t<\/div>\n\t\t<div class=\"elementor-element elementor-element-2e61f68 e-flex e-con-boxed e-con e-parent\" data-id=\"2e61f68\" data-element_type=\"container\" data-settings=\"{&quot;background_background&quot;:&quot;classic&quot;}\">\n\t\t\t\t\t<div class=\"e-con-inner\">\n\t\t<div class=\"elementor-element elementor-element-078f743 e-con-full e-flex e-con e-child\" data-id=\"078f743\" data-element_type=\"container\" data-settings=\"{&quot;background_background&quot;:&quot;classic&quot;}\">\n\t\t\t\t<div class=\"elementor-element elementor-element-9502ac8 elementor-widget elementor-widget-image\" data-id=\"9502ac8\" data-element_type=\"widget\" data-widget_type=\"image.default\">\n\t\t\t\t<div class=\"elementor-widget-container\">\n\t\t\t\t\t\t\t\t\t\t\t\t\t<img decoding=\"async\" width=\"900\" height=\"1000\" src=\"https:\/\/thinkincentive.com\/wp-content\/uploads\/Patricia-2025.png\" class=\"attachment-full size-full wp-image-3739\" alt=\"\" srcset=\"https:\/\/thinkincentive.com\/wp-content\/uploads\/Patricia-2025.png 900w, https:\/\/thinkincentive.com\/wp-content\/uploads\/Patricia-2025-270x300.png 270w, https:\/\/thinkincentive.com\/wp-content\/uploads\/Patricia-2025-768x853.png 768w\" sizes=\"(max-width: 900px) 100vw, 900px\" \/>\t\t\t\t\t\t\t\t\t\t\t\t\t<\/div>\n\t\t\t\t<\/div>\n\t\t\t\t<div class=\"elementor-element elementor-element-eaa92a2 elementor-widget elementor-widget-text-editor\" data-id=\"eaa92a2\" data-element_type=\"widget\" data-widget_type=\"text-editor.default\">\n\t\t\t\t<div class=\"elementor-widget-container\">\n\t\t\t\t\t\t\t<p>Patricia<\/p>\n\t\t\t\t\t\t<\/div>\n\t\t\t\t<\/div>\n\t\t\t\t<div class=\"elementor-element elementor-element-113eeb3 elementor-widget elementor-widget-text-editor\" data-id=\"113eeb3\" data-element_type=\"widget\" data-widget_type=\"text-editor.default\">\n\t\t\t\t<div class=\"elementor-widget-container\">\n\t\t\t\t\t\t\t<p>Negociadora estrat\u00e9gica y talentosa con un enfoque inquebrantable en encontrar soluciones innovadoras. Como directora, gestiona varios de nuestros mercados internacionales, incluidos M\u00e9xico, Brasil, Espa\u00f1a, Portugal e Italia. Con m\u00e1s de 30 a\u00f1os de experiencia en el sector tur\u00edstico, Patricia ha dedicado 18 a\u00f1os a la organizaci\u00f3n de eventos corporativos excepcionales junto a nosotros. Fuera del trabajo, le encanta explorar los mejores spas y sitios de relajaci\u00f3n de la provincia.<\/p>\t\t\t\t\t\t<\/div>\n\t\t\t\t<\/div>\n\t\t\t\t<\/div>\n\t\t<div class=\"elementor-element elementor-element-53dedd2 e-con-full e-flex e-con e-child\" data-id=\"53dedd2\" data-element_type=\"container\" data-settings=\"{&quot;background_background&quot;:&quot;classic&quot;}\">\n\t\t\t\t<div class=\"elementor-element elementor-element-274d0e5 elementor-widget elementor-widget-image\" data-id=\"274d0e5\" data-element_type=\"widget\" data-widget_type=\"image.default\">\n\t\t\t\t<div class=\"elementor-widget-container\">\n\t\t\t\t\t\t\t\t\t\t\t\t\t<img decoding=\"async\" width=\"900\" height=\"1000\" src=\"https:\/\/thinkincentive.com\/wp-content\/uploads\/Think-Incentive-Melissa.png\" class=\"attachment-full size-full wp-image-3086\" alt=\"\" srcset=\"https:\/\/thinkincentive.com\/wp-content\/uploads\/Think-Incentive-Melissa.png 900w, https:\/\/thinkincentive.com\/wp-content\/uploads\/Think-Incentive-Melissa-270x300.png 270w, https:\/\/thinkincentive.com\/wp-content\/uploads\/Think-Incentive-Melissa-768x853.png 768w\" sizes=\"(max-width: 900px) 100vw, 900px\" \/>\t\t\t\t\t\t\t\t\t\t\t\t\t<\/div>\n\t\t\t\t<\/div>\n\t\t\t\t<div class=\"elementor-element elementor-element-3b47e89 elementor-widget elementor-widget-text-editor\" data-id=\"3b47e89\" data-element_type=\"widget\" data-widget_type=\"text-editor.default\">\n\t\t\t\t<div class=\"elementor-widget-container\">\n\t\t\t\t\t\t\t<p>M\u00e9lissa<\/p>\t\t\t\t\t\t<\/div>\n\t\t\t\t<\/div>\n\t\t\t\t<div class=\"elementor-element elementor-element-b340d15 elementor-widget elementor-widget-text-editor\" data-id=\"b340d15\" data-element_type=\"widget\" data-widget_type=\"text-editor.default\">\n\t\t\t\t<div class=\"elementor-widget-container\">\n\t\t\t\t\t\t\t<p>Creativa y atenta a los detalles, M\u00e9lissa es la pluma de nuestro equipo. Tras casi 10 a\u00f1os trabajando en la prensa, decidi\u00f3 unirse a su verdadera pasi\u00f3n: los viajes. Se encarga de nuestra comunicaci\u00f3n y nos ayuda a poner en palabras nuestras ideas m\u00e1s originales para tus clientes. Profesional y organizada, tambi\u00e9n nos encanta su personalidad alegre. Gran amante de los dulces, \u00a1siempre est\u00e1 dispuesta a descubrir nuevos restaurantes!<\/p>\t\t\t\t\t\t<\/div>\n\t\t\t\t<\/div>\n\t\t\t\t<\/div>\n\t\t<div class=\"elementor-element elementor-element-18f1732 e-con-full e-flex e-con e-child\" data-id=\"18f1732\" data-element_type=\"container\" data-settings=\"{&quot;background_background&quot;:&quot;classic&quot;}\">\n\t\t\t\t<div class=\"elementor-element elementor-element-a031c16 elementor-widget elementor-widget-image\" data-id=\"a031c16\" data-element_type=\"widget\" data-widget_type=\"image.default\">\n\t\t\t\t<div class=\"elementor-widget-container\">\n\t\t\t\t\t\t\t\t\t\t\t\t\t<img loading=\"lazy\" decoding=\"async\" width=\"900\" height=\"1000\" src=\"https:\/\/thinkincentive.com\/wp-content\/uploads\/Think-Incentive-Juliette.png\" class=\"attachment-full size-full wp-image-3810\" alt=\"\" srcset=\"https:\/\/thinkincentive.com\/wp-content\/uploads\/Think-Incentive-Juliette.png 900w, https:\/\/thinkincentive.com\/wp-content\/uploads\/Think-Incentive-Juliette-270x300.png 270w, https:\/\/thinkincentive.com\/wp-content\/uploads\/Think-Incentive-Juliette-768x853.png 768w\" sizes=\"(max-width: 900px) 100vw, 900px\" \/>\t\t\t\t\t\t\t\t\t\t\t\t\t<\/div>\n\t\t\t\t<\/div>\n\t\t\t\t<div class=\"elementor-element elementor-element-47997df elementor-widget elementor-widget-text-editor\" data-id=\"47997df\" data-element_type=\"widget\" data-widget_type=\"text-editor.default\">\n\t\t\t\t<div class=\"elementor-widget-container\">\n\t\t\t\t\t\t\t<p>Juliette<\/p>\t\t\t\t\t\t<\/div>\n\t\t\t\t<\/div>\n\t\t\t\t<div class=\"elementor-element elementor-element-8ee6c8d elementor-widget elementor-widget-text-editor\" data-id=\"8ee6c8d\" data-element_type=\"widget\" data-widget_type=\"text-editor.default\">\n\t\t\t\t<div class=\"elementor-widget-container\">\n\t\t\t\t\t\t\t<p>Inspirada e innovadora, la integrante m\u00e1s joven del equipo nunca se queda sin ideas. Juliette se enamor\u00f3 de los viajes desde muy joven y, tras diez meses recorriendo Asia como mochilera, decidi\u00f3 establecerse en Canad\u00e1. Curiosa y polifac\u00e9tica, aporta la misma energ\u00eda tanto en su vida personal como en su trabajo. Puedes contar con ella para descubrir aut\u00e9nticas joyas ocultas para tus clientes. \u00bfSu peque\u00f1o placer? Practicar senderismo durante todo el a\u00f1o y salir de vivac siempre que puede.<\/p>\t\t\t\t\t\t<\/div>\n\t\t\t\t<\/div>\n\t\t\t\t<\/div>\n\t\t\t\t\t<\/div>\n\t\t\t\t<\/div>\n\t\t\t\t<\/div>\n\t\t","protected":false},"excerpt":{"rendered":"<p>Nuestro equipo Un equipo polivalente a su disposicion \u00bfNuestra mayor fortaleza? Un equipo apasionado y experto en Canad\u00e1 y Estados Unidos que se esfuerza continuamente por superar expectativas. Nos dedicamos a crear ofertas personalizadas y exclusivas que se adaptan a sus necesidades dentro de los plazos establecidos y brindando un soporte excepcional en cada etapa [&hellip;]<\/p>\n","protected":false},"author":10,"featured_media":0,"parent":0,"menu_order":0,"comment_status":"closed","ping_status":"closed","template":"elementor_header_footer","meta":{"_acf_changed":false,"footnotes":""},"class_list":["post-3070","page","type-page","status-publish","hentry"],"acf":[],"yoast_head":"<!-- This site is optimized with the Yoast SEO plugin v23.6 - https:\/\/yoast.com\/wordpress\/plugins\/seo\/ -->\n<title>Equipo - TH!NK INCENTIVE<\/title>\n<meta name=\"description\" content=\"Un equipo receptivo y creativo al servicio de todas sus necesidades corporativas. Descubra Norteam\u00e9rica para sus viajes de incentivos y eventos.\" \/>\n<meta name=\"robots\" content=\"index, follow, max-snippet:-1, max-image-preview:large, max-video-preview:-1\" \/>\n<link rel=\"canonical\" href=\"https:\/\/thinkincentive.com\/es\/equipo\/\" \/>\n<meta property=\"og:locale\" content=\"es_ES\" \/>\n<meta property=\"og:type\" content=\"article\" \/>\n<meta property=\"og:title\" content=\"Equipo - TH!NK INCENTIVE\" \/>\n<meta property=\"og:description\" content=\"Un equipo receptivo y creativo al servicio de todas sus necesidades corporativas. Descubra Norteam\u00e9rica para sus viajes de incentivos y eventos.\" \/>\n<meta property=\"og:url\" content=\"https:\/\/thinkincentive.com\/es\/equipo\/\" \/>\n<meta property=\"og:site_name\" content=\"TH!NK INCENTIVE\" \/>\n<meta property=\"article:modified_time\" content=\"2026-01-28T17:50:10+00:00\" \/>\n<meta property=\"og:image\" content=\"https:\/\/thinkincentive.com\/wp-content\/uploads\/THINK-INCENTIVE-AGENCY-PAGE.png\" \/>\n\t<meta property=\"og:image:width\" content=\"800\" \/>\n\t<meta property=\"og:image:height\" content=\"800\" \/>\n\t<meta property=\"og:image:type\" content=\"image\/png\" \/>\n<meta name=\"twitter:card\" content=\"summary_large_image\" \/>\n<meta name=\"twitter:label1\" content=\"Tiempo de lectura\" \/>\n\t<meta name=\"twitter:data1\" content=\"3 minutos\" \/>\n<script type=\"application\/ld+json\" class=\"yoast-schema-graph\">{\"@context\":\"https:\/\/schema.org\",\"@graph\":[{\"@type\":\"WebPage\",\"@id\":\"https:\/\/thinkincentive.com\/es\/equipo\/\",\"url\":\"https:\/\/thinkincentive.com\/es\/equipo\/\",\"name\":\"Equipo - TH!NK INCENTIVE\",\"isPartOf\":{\"@id\":\"https:\/\/thinkincentive.com\/es\/#website\"},\"primaryImageOfPage\":{\"@id\":\"https:\/\/thinkincentive.com\/es\/equipo\/#primaryimage\"},\"image\":{\"@id\":\"https:\/\/thinkincentive.com\/es\/equipo\/#primaryimage\"},\"thumbnailUrl\":\"http:\/\/thinkincentive.com\/wp-content\/uploads\/THINK-INCENTIVE-AGENCY-PAGE.png\",\"datePublished\":\"2024-06-25T18:30:14+00:00\",\"dateModified\":\"2026-01-28T17:50:10+00:00\",\"description\":\"Un equipo receptivo y creativo al servicio de todas sus necesidades corporativas. Descubra Norteam\u00e9rica para sus viajes de incentivos y eventos.\",\"breadcrumb\":{\"@id\":\"https:\/\/thinkincentive.com\/es\/equipo\/#breadcrumb\"},\"inLanguage\":\"es\",\"potentialAction\":[{\"@type\":\"ReadAction\",\"target\":[\"https:\/\/thinkincentive.com\/es\/equipo\/\"]}]},{\"@type\":\"ImageObject\",\"inLanguage\":\"es\",\"@id\":\"https:\/\/thinkincentive.com\/es\/equipo\/#primaryimage\",\"url\":\"http:\/\/thinkincentive.com\/wp-content\/uploads\/THINK-INCENTIVE-AGENCY-PAGE.png\",\"contentUrl\":\"http:\/\/thinkincentive.com\/wp-content\/uploads\/THINK-INCENTIVE-AGENCY-PAGE.png\"},{\"@type\":\"BreadcrumbList\",\"@id\":\"https:\/\/thinkincentive.com\/es\/equipo\/#breadcrumb\",\"itemListElement\":[{\"@type\":\"ListItem\",\"position\":1,\"name\":\"Accueil\",\"item\":\"https:\/\/thinkincentive.com\/es\/\"},{\"@type\":\"ListItem\",\"position\":2,\"name\":\"Equipo\"}]},{\"@type\":\"WebSite\",\"@id\":\"https:\/\/thinkincentive.com\/es\/#website\",\"url\":\"https:\/\/thinkincentive.com\/es\/\",\"name\":\"TH!NK INCENTIVE\",\"description\":\"Corporate Events in Canada &amp; USA\",\"publisher\":{\"@id\":\"https:\/\/thinkincentive.com\/es\/#organization\"},\"potentialAction\":[{\"@type\":\"SearchAction\",\"target\":{\"@type\":\"EntryPoint\",\"urlTemplate\":\"https:\/\/thinkincentive.com\/es\/?s={search_term_string}\"},\"query-input\":{\"@type\":\"PropertyValueSpecification\",\"valueRequired\":true,\"valueName\":\"search_term_string\"}}],\"inLanguage\":\"es\"},{\"@type\":\"Organization\",\"@id\":\"https:\/\/thinkincentive.com\/es\/#organization\",\"name\":\"TH!NK INCENTIVE\",\"url\":\"https:\/\/thinkincentive.com\/es\/\",\"logo\":{\"@type\":\"ImageObject\",\"inLanguage\":\"es\",\"@id\":\"https:\/\/thinkincentive.com\/es\/#\/schema\/logo\/image\/\",\"url\":\"https:\/\/thinkincentive.com\/wp-content\/uploads\/cropped-logo-Think-PNG.png\",\"contentUrl\":\"https:\/\/thinkincentive.com\/wp-content\/uploads\/cropped-logo-Think-PNG.png\",\"width\":800,\"height\":320,\"caption\":\"TH!NK INCENTIVE\"},\"image\":{\"@id\":\"https:\/\/thinkincentive.com\/es\/#\/schema\/logo\/image\/\"}}]}<\/script>\n<!-- \/ Yoast SEO plugin. -->","yoast_head_json":{"title":"Equipo - TH!NK INCENTIVE","description":"Un equipo receptivo y creativo al servicio de todas sus necesidades corporativas. Descubra Norteam\u00e9rica para sus viajes de incentivos y eventos.","robots":{"index":"index","follow":"follow","max-snippet":"max-snippet:-1","max-image-preview":"max-image-preview:large","max-video-preview":"max-video-preview:-1"},"canonical":"https:\/\/thinkincentive.com\/es\/equipo\/","og_locale":"es_ES","og_type":"article","og_title":"Equipo - TH!NK INCENTIVE","og_description":"Un equipo receptivo y creativo al servicio de todas sus necesidades corporativas. Descubra Norteam\u00e9rica para sus viajes de incentivos y eventos.","og_url":"https:\/\/thinkincentive.com\/es\/equipo\/","og_site_name":"TH!NK INCENTIVE","article_modified_time":"2026-01-28T17:50:10+00:00","og_image":[{"width":800,"height":800,"url":"https:\/\/thinkincentive.com\/wp-content\/uploads\/THINK-INCENTIVE-AGENCY-PAGE.png","type":"image\/png"}],"twitter_card":"summary_large_image","twitter_misc":{"Tiempo de lectura":"3 minutos"},"schema":{"@context":"https:\/\/schema.org","@graph":[{"@type":"WebPage","@id":"https:\/\/thinkincentive.com\/es\/equipo\/","url":"https:\/\/thinkincentive.com\/es\/equipo\/","name":"Equipo - TH!NK INCENTIVE","isPartOf":{"@id":"https:\/\/thinkincentive.com\/es\/#website"},"primaryImageOfPage":{"@id":"https:\/\/thinkincentive.com\/es\/equipo\/#primaryimage"},"image":{"@id":"https:\/\/thinkincentive.com\/es\/equipo\/#primaryimage"},"thumbnailUrl":"http:\/\/thinkincentive.com\/wp-content\/uploads\/THINK-INCENTIVE-AGENCY-PAGE.png","datePublished":"2024-06-25T18:30:14+00:00","dateModified":"2026-01-28T17:50:10+00:00","description":"Un equipo receptivo y creativo al servicio de todas sus necesidades corporativas. Descubra Norteam\u00e9rica para sus viajes de incentivos y eventos.","breadcrumb":{"@id":"https:\/\/thinkincentive.com\/es\/equipo\/#breadcrumb"},"inLanguage":"es","potentialAction":[{"@type":"ReadAction","target":["https:\/\/thinkincentive.com\/es\/equipo\/"]}]},{"@type":"ImageObject","inLanguage":"es","@id":"https:\/\/thinkincentive.com\/es\/equipo\/#primaryimage","url":"http:\/\/thinkincentive.com\/wp-content\/uploads\/THINK-INCENTIVE-AGENCY-PAGE.png","contentUrl":"http:\/\/thinkincentive.com\/wp-content\/uploads\/THINK-INCENTIVE-AGENCY-PAGE.png"},{"@type":"BreadcrumbList","@id":"https:\/\/thinkincentive.com\/es\/equipo\/#breadcrumb","itemListElement":[{"@type":"ListItem","position":1,"name":"Accueil","item":"https:\/\/thinkincentive.com\/es\/"},{"@type":"ListItem","position":2,"name":"Equipo"}]},{"@type":"WebSite","@id":"https:\/\/thinkincentive.com\/es\/#website","url":"https:\/\/thinkincentive.com\/es\/","name":"TH!NK INCENTIVE","description":"Corporate Events in Canada &amp; USA","publisher":{"@id":"https:\/\/thinkincentive.com\/es\/#organization"},"potentialAction":[{"@type":"SearchAction","target":{"@type":"EntryPoint","urlTemplate":"https:\/\/thinkincentive.com\/es\/?s={search_term_string}"},"query-input":{"@type":"PropertyValueSpecification","valueRequired":true,"valueName":"search_term_string"}}],"inLanguage":"es"},{"@type":"Organization","@id":"https:\/\/thinkincentive.com\/es\/#organization","name":"TH!NK INCENTIVE","url":"https:\/\/thinkincentive.com\/es\/","logo":{"@type":"ImageObject","inLanguage":"es","@id":"https:\/\/thinkincentive.com\/es\/#\/schema\/logo\/image\/","url":"https:\/\/thinkincentive.com\/wp-content\/uploads\/cropped-logo-Think-PNG.png","contentUrl":"https:\/\/thinkincentive.com\/wp-content\/uploads\/cropped-logo-Think-PNG.png","width":800,"height":320,"caption":"TH!NK INCENTIVE"},"image":{"@id":"https:\/\/thinkincentive.com\/es\/#\/schema\/logo\/image\/"}}]}},"_links":{"self":[{"href":"https:\/\/thinkincentive.com\/es\/wp-json\/wp\/v2\/pages\/3070","targetHints":{"allow":["GET"]}}],"collection":[{"href":"https:\/\/thinkincentive.com\/es\/wp-json\/wp\/v2\/pages"}],"about":[{"href":"https:\/\/thinkincentive.com\/es\/wp-json\/wp\/v2\/types\/page"}],"author":[{"embeddable":true,"href":"https:\/\/thinkincentive.com\/es\/wp-json\/wp\/v2\/users\/10"}],"replies":[{"embeddable":true,"href":"https:\/\/thinkincentive.com\/es\/wp-json\/wp\/v2\/comments?post=3070"}],"version-history":[{"count":0,"href":"https:\/\/thinkincentive.com\/es\/wp-json\/wp\/v2\/pages\/3070\/revisions"}],"wp:attachment":[{"href":"https:\/\/thinkincentive.com\/es\/wp-json\/wp\/v2\/media?parent=3070"}],"curies":[{"name":"wp","href":"https:\/\/api.w.org\/{rel}","templated":true}]}}