{"id":2812,"date":"2024-06-25T14:55:00","date_gmt":"2024-06-25T18:55:00","guid":{"rendered":"https:\/\/thinkincentive.com\/notre-engagement\/"},"modified":"2024-09-11T15:21:11","modified_gmt":"2024-09-11T19:21:11","slug":"notre-engagement","status":"publish","type":"page","link":"https:\/\/thinkincentive.com\/fr\/notre-engagement\/","title":{"rendered":"Notre engagement"},"content":{"rendered":"\t\t<div data-elementor-type=\"wp-page\" data-elementor-id=\"2812\" class=\"elementor elementor-2812 elementor-1765\" data-elementor-post-type=\"page\">\n\t\t\t\t<div class=\"elementor-element elementor-element-9cdb805 e-flex e-con-boxed e-con e-parent\" data-id=\"9cdb805\" data-element_type=\"container\" data-settings=\"{&quot;background_background&quot;:&quot;classic&quot;}\">\n\t\t\t\t\t<div class=\"e-con-inner\">\n\t\t\t\t<div class=\"elementor-element elementor-element-e5ebf6f elementor-widget elementor-widget-heading\" data-id=\"e5ebf6f\" data-element_type=\"widget\" data-widget_type=\"heading.default\">\n\t\t\t\t<div class=\"elementor-widget-container\">\n\t\t\t<h1 class=\"elementor-heading-title elementor-size-default\">Notre engagement<\/h1>\t\t<\/div>\n\t\t\t\t<\/div>\n\t\t\t\t\t<\/div>\n\t\t\t\t<\/div>\n\t\t<div class=\"elementor-element elementor-element-8dca4b3 e-flex e-con-boxed e-con e-parent\" data-id=\"8dca4b3\" data-element_type=\"container\">\n\t\t\t\t\t<div class=\"e-con-inner\">\n\t\t<div class=\"elementor-element elementor-element-48038a0 e-con-full e-flex e-con e-child\" data-id=\"48038a0\" data-element_type=\"container\">\n\t\t\t\t<div class=\"elementor-element elementor-element-89da669 elementor-widget elementor-widget-heading\" data-id=\"89da669\" data-element_type=\"widget\" data-widget_type=\"heading.default\">\n\t\t\t\t<div class=\"elementor-widget-container\">\n\t\t\t<h2 class=\"elementor-heading-title elementor-size-default\">Une vision du tourisme durable<\/h2>\t\t<\/div>\n\t\t\t\t<\/div>\n\t\t\t\t<div class=\"elementor-element elementor-element-82c7008 elementor-widget elementor-widget-text-editor\" data-id=\"82c7008\" data-element_type=\"widget\" data-widget_type=\"text-editor.default\">\n\t\t\t\t<div class=\"elementor-widget-container\">\n\t\t\t\t\t\t\t<p>Conscient de notre responsabilit\u00e9, nous \u0153uvrons en faveur des territoires dans lesquels nous op\u00e9rons et les communaut\u00e9s qui nous entourent. Nous sommes convaincus qu\u2019il soit possible de continuer \u00e0 profiter d\u2019exp\u00e9riences inspirantes, tout en minimisant les impacts n\u00e9gatifs et en maximisant les retomb\u00e9es positives du tourisme et de l\u2019\u00e9v\u00e9nementiel. Nous nous effor\u00e7ons de vous proposer des itin\u00e9raires respectueux de l\u2019environnement ponctu\u00e9s d\u2019initiatives durables comme des d\u00e9placements en train. En effet, vous pouvez choisir de soutenir une organisation en participant \u00e0 une activit\u00e9 ou en soutenant financi\u00e8rement leurs initiatives. Aussi, nous mettons un point d\u2019honneur \u00e0 s\u00e9lectionner des fournisseurs fiables et engag\u00e9s    <\/p>\n\t\t\t\t\t\t<\/div>\n\t\t\t\t<\/div>\n\t\t\t\t<\/div>\n\t\t<div class=\"elementor-element elementor-element-c063b2b e-con-full e-flex e-con e-child\" data-id=\"c063b2b\" data-element_type=\"container\">\n\t\t\t\t<div class=\"elementor-element elementor-element-67d56b7 elementor-widget elementor-widget-image\" data-id=\"67d56b7\" data-element_type=\"widget\" data-widget_type=\"image.default\">\n\t\t\t\t<div class=\"elementor-widget-container\">\n\t\t\t\t\t\t\t\t\t\t\t\t\t<img fetchpriority=\"high\" decoding=\"async\" width=\"800\" height=\"800\" src=\"https:\/\/thinkincentive.com\/wp-content\/uploads\/THINK-TOURISME-DURABLE.png\" class=\"attachment-large size-large wp-image-2544\" alt=\"\" srcset=\"https:\/\/thinkincentive.com\/wp-content\/uploads\/THINK-TOURISME-DURABLE.png 800w, https:\/\/thinkincentive.com\/wp-content\/uploads\/THINK-TOURISME-DURABLE-300x300.png 300w, https:\/\/thinkincentive.com\/wp-content\/uploads\/THINK-TOURISME-DURABLE-150x150.png 150w, https:\/\/thinkincentive.com\/wp-content\/uploads\/THINK-TOURISME-DURABLE-768x768.png 768w\" sizes=\"(max-width: 800px) 100vw, 800px\" \/>\t\t\t\t\t\t\t\t\t\t\t\t\t<\/div>\n\t\t\t\t<\/div>\n\t\t\t\t<\/div>\n\t\t\t\t\t<\/div>\n\t\t\t\t<\/div>\n\t\t<div class=\"elementor-element elementor-element-5665d0b e-flex e-con-boxed e-con e-parent\" data-id=\"5665d0b\" data-element_type=\"container\" data-settings=\"{&quot;background_background&quot;:&quot;classic&quot;}\">\n\t\t\t\t\t<div class=\"e-con-inner\">\n\t\t<div class=\"elementor-element elementor-element-d25865f e-con-full e-flex e-con e-child\" data-id=\"d25865f\" data-element_type=\"container\">\n\t\t\t\t<div class=\"elementor-element elementor-element-6b9cc84 elementor-widget elementor-widget-image\" data-id=\"6b9cc84\" data-element_type=\"widget\" data-widget_type=\"image.default\">\n\t\t\t\t<div class=\"elementor-widget-container\">\n\t\t\t\t\t\t\t\t\t\t\t\t\t<img decoding=\"async\" width=\"800\" height=\"800\" src=\"https:\/\/thinkincentive.com\/wp-content\/uploads\/THINK-INCENTIVE-RSE-1024x1024.png\" class=\"attachment-large size-large wp-image-3280\" alt=\"\" srcset=\"https:\/\/thinkincentive.com\/wp-content\/uploads\/THINK-INCENTIVE-RSE-1024x1024.png 1024w, https:\/\/thinkincentive.com\/wp-content\/uploads\/THINK-INCENTIVE-RSE-300x300.png 300w, https:\/\/thinkincentive.com\/wp-content\/uploads\/THINK-INCENTIVE-RSE-150x150.png 150w, https:\/\/thinkincentive.com\/wp-content\/uploads\/THINK-INCENTIVE-RSE-768x768.png 768w, https:\/\/thinkincentive.com\/wp-content\/uploads\/THINK-INCENTIVE-RSE.png 1080w\" sizes=\"(max-width: 800px) 100vw, 800px\" \/>\t\t\t\t\t\t\t\t\t\t\t\t\t<\/div>\n\t\t\t\t<\/div>\n\t\t\t\t<\/div>\n\t\t<div class=\"elementor-element elementor-element-6e3136b e-con-full e-flex e-con e-child\" data-id=\"6e3136b\" data-element_type=\"container\">\n\t\t\t\t<div class=\"elementor-element elementor-element-b2e13b1 elementor-widget elementor-widget-heading\" data-id=\"b2e13b1\" data-element_type=\"widget\" data-widget_type=\"heading.default\">\n\t\t\t\t<div class=\"elementor-widget-container\">\n\t\t\t<h2 class=\"elementor-heading-title elementor-size-default\">Partenaire Travelife<\/h2>\t\t<\/div>\n\t\t\t\t<\/div>\n\t\t\t\t<div class=\"elementor-element elementor-element-9a66b88 elementor-widget elementor-widget-text-editor\" data-id=\"9a66b88\" data-element_type=\"widget\" data-widget_type=\"text-editor.default\">\n\t\t\t\t<div class=\"elementor-widget-container\">\n\t\t\t\t\t\t\t<div id=\"comp-luvfe38m1\" class=\"comp-luvfe38m1 YzqVVZ wixui-column-strip__column\">\n<div class=\"\" data-mesh-id=\"comp-luvfe38m1inlineContent\" data-testid=\"inline-content\">\n<div data-mesh-id=\"comp-luvfe38m1inlineContent-gridContainer\" data-testid=\"mesh-container-content\">\n<div id=\"comp-luvfe38u1\" class=\"HcOXKn c9GqVL QxJLC3 comp-luvfe38u1 wixui-rich-text\" data-testid=\"richTextElement\">\n<p class=\"font_8 wixui-rich-text__text\"><span class=\"wixui-rich-text__text\"><span class=\"color_14 wixui-rich-text__text\">En 2019, un comit\u00e9 est cr\u00e9\u00e9 &#8211; ToundrigoCare &#8211; pour garantir l\u2019adoption de pratiques durables et efficaces au sein du groupe pour l\u2019ensemble des marques. Anim\u00e9s par un besoin d\u2019agir, nous amor\u00e7ons le processus de certification Travelife, programme de premier plan en mati\u00e8re de formation, de gestion et de certification pour les entreprises touristiques souhaitant s\u2019engager sur le chemin de la durabilit\u00e9.Travelife adapte les objectifs de d\u00e9veloppement durable des Nations-Unies pour l\u2019industrie du tourisme, \u00e0 travers un r\u00e9f\u00e9rentiel sp\u00e9cifique. <\/span><\/span><\/p>\n<p class=\"font_8 wixui-rich-text__text\"><span class=\"wixui-rich-text__text\"><span class=\"color_14 wixui-rich-text__text\">En 2024 ToundriGo a vu ses efforts r\u00e9compens\u00e9s et devient officiellement Travelife Partner, la premi\u00e8re \u00e9tape de cette d\u00e9marche verte. Nous continuons d\u2019int\u00e9grer les principes de durabilit\u00e9 dans nos activit\u00e9s et visons la certification \u00e0 l\u2019horizon 2025!  <\/span><\/span><\/p>\n<\/div>\n<\/div>\n<\/div>\n<\/div>\n\t\t\t\t\t\t<\/div>\n\t\t\t\t<\/div>\n\t\t\t\t<div class=\"elementor-element elementor-element-1c13c76 elementor-widget elementor-widget-button\" data-id=\"1c13c76\" data-element_type=\"widget\" data-widget_type=\"button.default\">\n\t\t\t\t<div class=\"elementor-widget-container\">\n\t\t\t\t\t<div class=\"elementor-button-wrapper\">\n\t\t\t<a class=\"elementor-button elementor-button-link elementor-size-sm\" href=\"https:\/\/www.toundrigo.com\/toundrigocare\" target=\"_blank\">\n\t\t\t\t\t\t<span class=\"elementor-button-content-wrapper\">\n\t\t\t\t\t\t\t\t\t<span class=\"elementor-button-text\">En savoir plus<\/span>\n\t\t\t\t\t<\/span>\n\t\t\t\t\t<\/a>\n\t\t<\/div>\n\t\t\t\t<\/div>\n\t\t\t\t<\/div>\n\t\t\t\t<\/div>\n\t\t\t\t\t<\/div>\n\t\t\t\t<\/div>\n\t\t<div class=\"elementor-element elementor-element-954cb4c e-flex e-con-boxed e-con e-parent\" data-id=\"954cb4c\" data-element_type=\"container\" data-settings=\"{&quot;background_background&quot;:&quot;classic&quot;}\">\n\t\t\t\t\t<div class=\"e-con-inner\">\n\t\t<div class=\"elementor-element elementor-element-b9274ae e-con-full e-flex e-con e-child\" data-id=\"b9274ae\" data-element_type=\"container\">\n\t\t\t\t<div class=\"elementor-element elementor-element-5383bef elementor-widget elementor-widget-heading\" data-id=\"5383bef\" data-element_type=\"widget\" data-widget_type=\"heading.default\">\n\t\t\t\t<div class=\"elementor-widget-container\">\n\t\t\t<h2 class=\"elementor-heading-title elementor-size-default\">Nos exp\u00e9riences durables pr\u00e9f\u00e9r\u00e9es !<\/h2>\t\t<\/div>\n\t\t\t\t<\/div>\n\t\t\t\t<div class=\"elementor-element elementor-element-6f521d0 elementor-widget elementor-widget-text-editor\" data-id=\"6f521d0\" data-element_type=\"widget\" data-widget_type=\"text-editor.default\">\n\t\t\t\t<div class=\"elementor-widget-container\">\n\t\t\t\t\t\t\t<p>Traditionnelle, unique, sportive, audacieuse, gourmande&#8230; Il existe de nombreuses exp\u00e9riences pour r\u00e9unir vos invit\u00e9s, mais certaines font toute la diff\u00e9rence lorsqu&rsquo;il s&rsquo;agit de RSE. <\/p>\n\t\t\t\t\t\t<\/div>\n\t\t\t\t<\/div>\n\t\t\t\t<\/div>\n\t\t\t\t\t<\/div>\n\t\t\t\t<\/div>\n\t\t<div class=\"elementor-element elementor-element-13587ae e-flex e-con-boxed e-con e-parent\" data-id=\"13587ae\" data-element_type=\"container\" data-settings=\"{&quot;background_background&quot;:&quot;classic&quot;}\">\n\t\t\t\t\t<div class=\"e-con-inner\">\n\t\t<a class=\"elementor-element elementor-element-c7e57a4 e-con-full e-flex e-con e-child\" data-id=\"c7e57a4\" data-element_type=\"container\" data-settings=\"{&quot;background_background&quot;:&quot;classic&quot;}\" href=\"https:\/\/thinkincentive.com\/experience\/cooking-class-at-the-farmers-market\/\">\n\t\t\t\t<div class=\"elementor-element elementor-element-ff88305 elementor-widget elementor-widget-image\" data-id=\"ff88305\" data-element_type=\"widget\" data-widget_type=\"image.default\">\n\t\t\t\t<div class=\"elementor-widget-container\">\n\t\t\t\t\t\t\t\t\t\t\t\t\t<img decoding=\"async\" width=\"800\" height=\"600\" src=\"https:\/\/thinkincentive.com\/wp-content\/uploads\/Cooking-Class.png\" class=\"attachment-large size-large wp-image-2560\" alt=\"\" srcset=\"https:\/\/thinkincentive.com\/wp-content\/uploads\/Cooking-Class.png 800w, https:\/\/thinkincentive.com\/wp-content\/uploads\/Cooking-Class-300x225.png 300w, https:\/\/thinkincentive.com\/wp-content\/uploads\/Cooking-Class-768x576.png 768w\" sizes=\"(max-width: 800px) 100vw, 800px\" \/>\t\t\t\t\t\t\t\t\t\t\t\t\t<\/div>\n\t\t\t\t<\/div>\n\t\t\t\t<div class=\"elementor-element elementor-element-5af406c elementor-widget elementor-widget-heading\" data-id=\"5af406c\" data-element_type=\"widget\" data-widget_type=\"heading.default\">\n\t\t\t\t<div class=\"elementor-widget-container\">\n\t\t\t<h3 class=\"elementor-heading-title elementor-size-default\">Cuisine solidaire au c\u0153ur d'un march\u00e9<\/h3>\t\t<\/div>\n\t\t\t\t<\/div>\n\t\t\t\t<div class=\"elementor-element elementor-element-880ce05 elementor-widget elementor-widget-text-editor\" data-id=\"880ce05\" data-element_type=\"widget\" data-widget_type=\"text-editor.default\">\n\t\t\t\t<div class=\"elementor-widget-container\">\n\t\t\t\t\t\t\t<p>Nous vous donnons l&rsquo;occasion d&rsquo;ajouter un aspect RSE \u00e0 votre activit\u00e9 d&rsquo;\u00e9quipe avec cet atelier de solidarit\u00e9. Tous les plats&#8230; <\/p>\n\t\t\t\t\t\t<\/div>\n\t\t\t\t<\/div>\n\t\t\t\t<\/a>\n\t\t<a class=\"elementor-element elementor-element-5be6771 e-con-full e-flex e-con e-child\" data-id=\"5be6771\" data-element_type=\"container\" data-settings=\"{&quot;background_background&quot;:&quot;classic&quot;}\" href=\"https:\/\/thinkincentive.com\/experience\/meet-the-whales-of-the-st-lawrence\/\">\n\t\t\t\t<div class=\"elementor-element elementor-element-c56c662 elementor-widget elementor-widget-image\" data-id=\"c56c662\" data-element_type=\"widget\" data-widget_type=\"image.default\">\n\t\t\t\t<div class=\"elementor-widget-container\">\n\t\t\t\t\t\t\t\t\t\t\t\t\t<img loading=\"lazy\" decoding=\"async\" width=\"800\" height=\"600\" src=\"https:\/\/thinkincentive.com\/wp-content\/uploads\/Whale-watching-1-1024x768.png\" class=\"attachment-large size-large wp-image-2685\" alt=\"\" srcset=\"https:\/\/thinkincentive.com\/wp-content\/uploads\/Whale-watching-1-1024x768.png 1024w, https:\/\/thinkincentive.com\/wp-content\/uploads\/Whale-watching-1-300x225.png 300w, https:\/\/thinkincentive.com\/wp-content\/uploads\/Whale-watching-1-768x576.png 768w, https:\/\/thinkincentive.com\/wp-content\/uploads\/Whale-watching-1-1536x1152.png 1536w, https:\/\/thinkincentive.com\/wp-content\/uploads\/Whale-watching-1.png 2000w\" sizes=\"(max-width: 800px) 100vw, 800px\" \/>\t\t\t\t\t\t\t\t\t\t\t\t\t<\/div>\n\t\t\t\t<\/div>\n\t\t\t\t<div class=\"elementor-element elementor-element-9b99a00 elementor-widget elementor-widget-heading\" data-id=\"9b99a00\" data-element_type=\"widget\" data-widget_type=\"heading.default\">\n\t\t\t\t<div class=\"elementor-widget-container\">\n\t\t\t<h3 class=\"elementor-heading-title elementor-size-default\">\u00c0 la rencontre des baleines du Saint-Laurent<\/h3>\t\t<\/div>\n\t\t\t\t<\/div>\n\t\t\t\t<div class=\"elementor-element elementor-element-e752a57 elementor-widget elementor-widget-text-editor\" data-id=\"e752a57\" data-element_type=\"widget\" data-widget_type=\"text-editor.default\">\n\t\t\t\t<div class=\"elementor-widget-container\">\n\t\t\t\t\t\t\t<p>Embarquez sur un zodiac et laissez-vous porter par les courants du fleuve&#8230; De juin \u00e0 octobre, ils vous emm\u00e8nent&#8230;  <\/p>\n\t\t\t\t\t\t<\/div>\n\t\t\t\t<\/div>\n\t\t\t\t<\/a>\n\t\t<a class=\"elementor-element elementor-element-39eed48 e-con-full e-flex e-con e-child\" data-id=\"39eed48\" data-element_type=\"container\" data-settings=\"{&quot;background_background&quot;:&quot;classic&quot;}\" href=\"https:\/\/thinkincentive.com\/experience\/have-fun-and-support-sports-programs-for-young-people\/\">\n\t\t\t\t<div class=\"elementor-element elementor-element-3f1a0dc elementor-widget elementor-widget-image\" data-id=\"3f1a0dc\" data-element_type=\"widget\" data-widget_type=\"image.default\">\n\t\t\t\t<div class=\"elementor-widget-container\">\n\t\t\t\t\t\t\t\t\t\t\t\t\t<img loading=\"lazy\" decoding=\"async\" width=\"800\" height=\"600\" src=\"https:\/\/thinkincentive.com\/wp-content\/uploads\/softball-lancer-1024x768.png\" class=\"attachment-large size-large wp-image-3649\" alt=\"\" srcset=\"https:\/\/thinkincentive.com\/wp-content\/uploads\/softball-lancer-1024x768.png 1024w, https:\/\/thinkincentive.com\/wp-content\/uploads\/softball-lancer-300x225.png 300w, https:\/\/thinkincentive.com\/wp-content\/uploads\/softball-lancer-768x576.png 768w, https:\/\/thinkincentive.com\/wp-content\/uploads\/softball-lancer-1536x1152.png 1536w, https:\/\/thinkincentive.com\/wp-content\/uploads\/softball-lancer.png 2000w\" sizes=\"(max-width: 800px) 100vw, 800px\" \/>\t\t\t\t\t\t\t\t\t\t\t\t\t<\/div>\n\t\t\t\t<\/div>\n\t\t\t\t<div class=\"elementor-element elementor-element-33b1a86 elementor-widget elementor-widget-heading\" data-id=\"33b1a86\" data-element_type=\"widget\" data-widget_type=\"heading.default\">\n\t\t\t\t<div class=\"elementor-widget-container\">\n\t\t\t<h3 class=\"elementor-heading-title elementor-size-default\">Soutenez les programmes sportifs pour les jeunes en vous amusant<\/h3>\t\t<\/div>\n\t\t\t\t<\/div>\n\t\t\t\t<div class=\"elementor-element elementor-element-f3190bf elementor-widget elementor-widget-text-editor\" data-id=\"f3190bf\" data-element_type=\"widget\" data-widget_type=\"text-editor.default\">\n\t\t\t\t<div class=\"elementor-widget-container\">\n\t\t\t\t\t\t\t<p>Sport typique de l&rsquo;Am\u00e9rique du Nord, le softball est un sport d&rsquo;\u00e9quipe. Accompagn\u00e9 par des entraineurs professionnels, vous serez initi\u00e9s&#8230; <\/p>\n\t\t\t\t\t\t<\/div>\n\t\t\t\t<\/div>\n\t\t\t\t<\/a>\n\t\t\t\t\t<\/div>\n\t\t\t\t<\/div>\n\t\t\t\t<\/div>\n\t\t","protected":false},"excerpt":{"rendered":"<p>Notre engagement Une vision du tourisme durable Conscient de notre responsabilit\u00e9, nous \u0153uvrons en faveur des territoires dans lesquels nous op\u00e9rons et les communaut\u00e9s qui nous entourent. Nous sommes convaincus qu\u2019il soit possible de continuer \u00e0 profiter d\u2019exp\u00e9riences inspirantes, tout en minimisant les impacts n\u00e9gatifs et en maximisant les retomb\u00e9es positives du tourisme et de [&hellip;]<\/p>\n","protected":false},"author":10,"featured_media":0,"parent":0,"menu_order":0,"comment_status":"closed","ping_status":"closed","template":"elementor_header_footer","meta":{"_acf_changed":false,"footnotes":""},"class_list":["post-2812","page","type-page","status-publish","hentry"],"acf":[],"yoast_head":"<!-- This site is optimized with the Yoast SEO plugin v23.6 - https:\/\/yoast.com\/wordpress\/plugins\/seo\/ -->\n<title>Notre engagement - TH!NK INCENTIVE<\/title>\n<meta name=\"description\" content=\"Nous sommes engag\u00e9s dans le tourisme durable pour offrir des exp\u00e9riences d&#039;entreprise plus respectueuses. Bient\u00f4t certifi\u00e9 Travelife!\" \/>\n<meta name=\"robots\" content=\"index, follow, max-snippet:-1, max-image-preview:large, max-video-preview:-1\" \/>\n<link rel=\"canonical\" href=\"https:\/\/thinkincentive.com\/fr\/notre-engagement\/\" \/>\n<meta property=\"og:locale\" content=\"fr_FR\" \/>\n<meta property=\"og:type\" content=\"article\" \/>\n<meta property=\"og:title\" content=\"Notre engagement - TH!NK INCENTIVE\" \/>\n<meta property=\"og:description\" content=\"Nous sommes engag\u00e9s dans le tourisme durable pour offrir des exp\u00e9riences d&#039;entreprise plus respectueuses. Bient\u00f4t certifi\u00e9 Travelife!\" \/>\n<meta property=\"og:url\" content=\"https:\/\/thinkincentive.com\/fr\/notre-engagement\/\" \/>\n<meta property=\"og:site_name\" content=\"TH!NK INCENTIVE\" \/>\n<meta property=\"article:modified_time\" content=\"2024-09-11T19:21:11+00:00\" \/>\n<meta property=\"og:image\" content=\"https:\/\/thinkincentive.com\/wp-content\/uploads\/THINK-TOURISME-DURABLE.png\" \/>\n<meta name=\"twitter:card\" content=\"summary_large_image\" \/>\n<meta name=\"twitter:label1\" content=\"Dur\u00e9e de lecture estim\u00e9e\" \/>\n\t<meta name=\"twitter:data1\" content=\"3 minutes\" \/>\n<script type=\"application\/ld+json\" class=\"yoast-schema-graph\">{\"@context\":\"https:\/\/schema.org\",\"@graph\":[{\"@type\":\"WebPage\",\"@id\":\"https:\/\/thinkincentive.com\/fr\/notre-engagement\/\",\"url\":\"https:\/\/thinkincentive.com\/fr\/notre-engagement\/\",\"name\":\"Notre engagement - TH!NK INCENTIVE\",\"isPartOf\":{\"@id\":\"https:\/\/thinkincentive.com\/fr\/#website\"},\"primaryImageOfPage\":{\"@id\":\"https:\/\/thinkincentive.com\/fr\/notre-engagement\/#primaryimage\"},\"image\":{\"@id\":\"https:\/\/thinkincentive.com\/fr\/notre-engagement\/#primaryimage\"},\"thumbnailUrl\":\"https:\/\/thinkincentive.com\/wp-content\/uploads\/THINK-TOURISME-DURABLE.png\",\"datePublished\":\"2024-06-25T18:55:00+00:00\",\"dateModified\":\"2024-09-11T19:21:11+00:00\",\"description\":\"Nous sommes engag\u00e9s dans le tourisme durable pour offrir des exp\u00e9riences d'entreprise plus respectueuses. Bient\u00f4t certifi\u00e9 Travelife!\",\"breadcrumb\":{\"@id\":\"https:\/\/thinkincentive.com\/fr\/notre-engagement\/#breadcrumb\"},\"inLanguage\":\"fr-FR\",\"potentialAction\":[{\"@type\":\"ReadAction\",\"target\":[\"https:\/\/thinkincentive.com\/fr\/notre-engagement\/\"]}]},{\"@type\":\"ImageObject\",\"inLanguage\":\"fr-FR\",\"@id\":\"https:\/\/thinkincentive.com\/fr\/notre-engagement\/#primaryimage\",\"url\":\"https:\/\/thinkincentive.com\/wp-content\/uploads\/THINK-TOURISME-DURABLE.png\",\"contentUrl\":\"https:\/\/thinkincentive.com\/wp-content\/uploads\/THINK-TOURISME-DURABLE.png\"},{\"@type\":\"BreadcrumbList\",\"@id\":\"https:\/\/thinkincentive.com\/fr\/notre-engagement\/#breadcrumb\",\"itemListElement\":[{\"@type\":\"ListItem\",\"position\":1,\"name\":\"Accueil\",\"item\":\"https:\/\/thinkincentive.com\/fr\/\"},{\"@type\":\"ListItem\",\"position\":2,\"name\":\"Notre engagement\"}]},{\"@type\":\"WebSite\",\"@id\":\"https:\/\/thinkincentive.com\/fr\/#website\",\"url\":\"https:\/\/thinkincentive.com\/fr\/\",\"name\":\"TH!NK INCENTIVE\",\"description\":\"Corporate Events in Canada &amp; USA\",\"publisher\":{\"@id\":\"https:\/\/thinkincentive.com\/fr\/#organization\"},\"potentialAction\":[{\"@type\":\"SearchAction\",\"target\":{\"@type\":\"EntryPoint\",\"urlTemplate\":\"https:\/\/thinkincentive.com\/fr\/?s={search_term_string}\"},\"query-input\":{\"@type\":\"PropertyValueSpecification\",\"valueRequired\":true,\"valueName\":\"search_term_string\"}}],\"inLanguage\":\"fr-FR\"},{\"@type\":\"Organization\",\"@id\":\"https:\/\/thinkincentive.com\/fr\/#organization\",\"name\":\"TH!NK INCENTIVE\",\"url\":\"https:\/\/thinkincentive.com\/fr\/\",\"logo\":{\"@type\":\"ImageObject\",\"inLanguage\":\"fr-FR\",\"@id\":\"https:\/\/thinkincentive.com\/fr\/#\/schema\/logo\/image\/\",\"url\":\"https:\/\/thinkincentive.com\/wp-content\/uploads\/cropped-logo-Think-PNG.png\",\"contentUrl\":\"https:\/\/thinkincentive.com\/wp-content\/uploads\/cropped-logo-Think-PNG.png\",\"width\":800,\"height\":320,\"caption\":\"TH!NK INCENTIVE\"},\"image\":{\"@id\":\"https:\/\/thinkincentive.com\/fr\/#\/schema\/logo\/image\/\"}}]}<\/script>\n<!-- \/ Yoast SEO plugin. -->","yoast_head_json":{"title":"Notre engagement - TH!NK INCENTIVE","description":"Nous sommes engag\u00e9s dans le tourisme durable pour offrir des exp\u00e9riences d'entreprise plus respectueuses. Bient\u00f4t certifi\u00e9 Travelife!","robots":{"index":"index","follow":"follow","max-snippet":"max-snippet:-1","max-image-preview":"max-image-preview:large","max-video-preview":"max-video-preview:-1"},"canonical":"https:\/\/thinkincentive.com\/fr\/notre-engagement\/","og_locale":"fr_FR","og_type":"article","og_title":"Notre engagement - TH!NK INCENTIVE","og_description":"Nous sommes engag\u00e9s dans le tourisme durable pour offrir des exp\u00e9riences d'entreprise plus respectueuses. Bient\u00f4t certifi\u00e9 Travelife!","og_url":"https:\/\/thinkincentive.com\/fr\/notre-engagement\/","og_site_name":"TH!NK INCENTIVE","article_modified_time":"2024-09-11T19:21:11+00:00","og_image":[{"url":"https:\/\/thinkincentive.com\/wp-content\/uploads\/THINK-TOURISME-DURABLE.png"}],"twitter_card":"summary_large_image","twitter_misc":{"Dur\u00e9e de lecture estim\u00e9e":"3 minutes"},"schema":{"@context":"https:\/\/schema.org","@graph":[{"@type":"WebPage","@id":"https:\/\/thinkincentive.com\/fr\/notre-engagement\/","url":"https:\/\/thinkincentive.com\/fr\/notre-engagement\/","name":"Notre engagement - TH!NK INCENTIVE","isPartOf":{"@id":"https:\/\/thinkincentive.com\/fr\/#website"},"primaryImageOfPage":{"@id":"https:\/\/thinkincentive.com\/fr\/notre-engagement\/#primaryimage"},"image":{"@id":"https:\/\/thinkincentive.com\/fr\/notre-engagement\/#primaryimage"},"thumbnailUrl":"https:\/\/thinkincentive.com\/wp-content\/uploads\/THINK-TOURISME-DURABLE.png","datePublished":"2024-06-25T18:55:00+00:00","dateModified":"2024-09-11T19:21:11+00:00","description":"Nous sommes engag\u00e9s dans le tourisme durable pour offrir des exp\u00e9riences d'entreprise plus respectueuses. Bient\u00f4t certifi\u00e9 Travelife!","breadcrumb":{"@id":"https:\/\/thinkincentive.com\/fr\/notre-engagement\/#breadcrumb"},"inLanguage":"fr-FR","potentialAction":[{"@type":"ReadAction","target":["https:\/\/thinkincentive.com\/fr\/notre-engagement\/"]}]},{"@type":"ImageObject","inLanguage":"fr-FR","@id":"https:\/\/thinkincentive.com\/fr\/notre-engagement\/#primaryimage","url":"https:\/\/thinkincentive.com\/wp-content\/uploads\/THINK-TOURISME-DURABLE.png","contentUrl":"https:\/\/thinkincentive.com\/wp-content\/uploads\/THINK-TOURISME-DURABLE.png"},{"@type":"BreadcrumbList","@id":"https:\/\/thinkincentive.com\/fr\/notre-engagement\/#breadcrumb","itemListElement":[{"@type":"ListItem","position":1,"name":"Accueil","item":"https:\/\/thinkincentive.com\/fr\/"},{"@type":"ListItem","position":2,"name":"Notre engagement"}]},{"@type":"WebSite","@id":"https:\/\/thinkincentive.com\/fr\/#website","url":"https:\/\/thinkincentive.com\/fr\/","name":"TH!NK INCENTIVE","description":"Corporate Events in Canada &amp; USA","publisher":{"@id":"https:\/\/thinkincentive.com\/fr\/#organization"},"potentialAction":[{"@type":"SearchAction","target":{"@type":"EntryPoint","urlTemplate":"https:\/\/thinkincentive.com\/fr\/?s={search_term_string}"},"query-input":{"@type":"PropertyValueSpecification","valueRequired":true,"valueName":"search_term_string"}}],"inLanguage":"fr-FR"},{"@type":"Organization","@id":"https:\/\/thinkincentive.com\/fr\/#organization","name":"TH!NK INCENTIVE","url":"https:\/\/thinkincentive.com\/fr\/","logo":{"@type":"ImageObject","inLanguage":"fr-FR","@id":"https:\/\/thinkincentive.com\/fr\/#\/schema\/logo\/image\/","url":"https:\/\/thinkincentive.com\/wp-content\/uploads\/cropped-logo-Think-PNG.png","contentUrl":"https:\/\/thinkincentive.com\/wp-content\/uploads\/cropped-logo-Think-PNG.png","width":800,"height":320,"caption":"TH!NK INCENTIVE"},"image":{"@id":"https:\/\/thinkincentive.com\/fr\/#\/schema\/logo\/image\/"}}]}},"_links":{"self":[{"href":"https:\/\/thinkincentive.com\/fr\/wp-json\/wp\/v2\/pages\/2812","targetHints":{"allow":["GET"]}}],"collection":[{"href":"https:\/\/thinkincentive.com\/fr\/wp-json\/wp\/v2\/pages"}],"about":[{"href":"https:\/\/thinkincentive.com\/fr\/wp-json\/wp\/v2\/types\/page"}],"author":[{"embeddable":true,"href":"https:\/\/thinkincentive.com\/fr\/wp-json\/wp\/v2\/users\/10"}],"replies":[{"embeddable":true,"href":"https:\/\/thinkincentive.com\/fr\/wp-json\/wp\/v2\/comments?post=2812"}],"version-history":[{"count":0,"href":"https:\/\/thinkincentive.com\/fr\/wp-json\/wp\/v2\/pages\/2812\/revisions"}],"wp:attachment":[{"href":"https:\/\/thinkincentive.com\/fr\/wp-json\/wp\/v2\/media?parent=2812"}],"curies":[{"name":"wp","href":"https:\/\/api.w.org\/{rel}","templated":true}]}}