{"id":2813,"date":"2024-06-25T14:30:14","date_gmt":"2024-06-25T18:30:14","guid":{"rendered":"https:\/\/thinkincentive.com\/lequipe\/"},"modified":"2026-01-28T12:49:08","modified_gmt":"2026-01-28T17:49:08","slug":"lequipe","status":"publish","type":"page","link":"https:\/\/thinkincentive.com\/fr\/lequipe\/","title":{"rendered":"L&rsquo;\u00e9quipe"},"content":{"rendered":"\t\t<div data-elementor-type=\"wp-page\" data-elementor-id=\"2813\" class=\"elementor elementor-2813 elementor-1764\" data-elementor-post-type=\"page\">\n\t\t\t\t<div class=\"elementor-element elementor-element-99d51f3 e-flex e-con-boxed e-con e-parent\" data-id=\"99d51f3\" data-element_type=\"container\" data-settings=\"{&quot;background_background&quot;:&quot;classic&quot;}\">\n\t\t\t\t\t<div class=\"e-con-inner\">\n\t\t\t\t<div class=\"elementor-element elementor-element-3dd02f4 elementor-widget elementor-widget-heading\" data-id=\"3dd02f4\" data-element_type=\"widget\" data-widget_type=\"heading.default\">\n\t\t\t\t<div class=\"elementor-widget-container\">\n\t\t\t<h1 class=\"elementor-heading-title elementor-size-default\">Notre \u00e9quipe<\/h1>\t\t<\/div>\n\t\t\t\t<\/div>\n\t\t\t\t\t<\/div>\n\t\t\t\t<\/div>\n\t\t<div class=\"elementor-element elementor-element-f85cb33 e-flex e-con-boxed e-con e-parent\" data-id=\"f85cb33\" data-element_type=\"container\">\n\t\t\t\t\t<div class=\"e-con-inner\">\n\t\t<div class=\"elementor-element elementor-element-a993f94 e-con-full e-flex e-con e-child\" data-id=\"a993f94\" data-element_type=\"container\">\n\t\t\t\t<div class=\"elementor-element elementor-element-24063ae elementor-widget elementor-widget-heading\" data-id=\"24063ae\" data-element_type=\"widget\" data-widget_type=\"heading.default\">\n\t\t\t\t<div class=\"elementor-widget-container\">\n\t\t\t<h2 class=\"elementor-heading-title elementor-size-default\">Une \u00e9quipe de choc pour vous accompagner<\/h2>\t\t<\/div>\n\t\t\t\t<\/div>\n\t\t\t\t<div class=\"elementor-element elementor-element-d0cca2b elementor-widget elementor-widget-text-editor\" data-id=\"d0cca2b\" data-element_type=\"widget\" data-widget_type=\"text-editor.default\">\n\t\t\t\t<div class=\"elementor-widget-container\">\n\t\t\t\t\t\t\t<p>Charg\u00e9s de concevoir des offres exclusives, nous r\u00e9pondons \u00e0 vos besoins dans les d\u00e9lais impartis. Comment ? Avec une \u00e9quipe exp\u00e9riment\u00e9e, proactive, attentive et efficace ! N\u2019oubliez pas que notre \u00e9quipe est l\u2019arbre qui cache la for\u00eat et centralise toute la force de frappe du groupe ToundriGo et son r\u00e9seau de partenaires.<\/p>\t\t\t\t\t\t<\/div>\n\t\t\t\t<\/div>\n\t\t\t\t<div class=\"elementor-element elementor-element-11fec9c elementor-widget elementor-widget-button\" data-id=\"11fec9c\" data-element_type=\"widget\" data-widget_type=\"button.default\">\n\t\t\t\t<div class=\"elementor-widget-container\">\n\t\t\t\t\t<div class=\"elementor-button-wrapper\">\n\t\t\t<a class=\"elementor-button elementor-button-link elementor-size-sm\" href=\"https:\/\/thinkincentive.com\/fr\/contact-2\/\">\n\t\t\t\t\t\t<span class=\"elementor-button-content-wrapper\">\n\t\t\t\t\t\t\t\t\t<span class=\"elementor-button-text\">Contactez nous<\/span>\n\t\t\t\t\t<\/span>\n\t\t\t\t\t<\/a>\n\t\t<\/div>\n\t\t\t\t<\/div>\n\t\t\t\t<\/div>\n\t\t\t\t<\/div>\n\t\t<div class=\"elementor-element elementor-element-159025a e-con-full e-flex e-con e-child\" data-id=\"159025a\" data-element_type=\"container\">\n\t\t\t\t<div class=\"elementor-element elementor-element-96f73b2 elementor-widget elementor-widget-image\" data-id=\"96f73b2\" data-element_type=\"widget\" data-widget_type=\"image.default\">\n\t\t\t\t<div class=\"elementor-widget-container\">\n\t\t\t\t\t\t\t\t\t\t\t\t\t<img fetchpriority=\"high\" decoding=\"async\" width=\"800\" height=\"800\" src=\"https:\/\/thinkincentive.com\/wp-content\/uploads\/THINK-INCENTIVE-AGENCY-PAGE.png\" class=\"attachment-large size-large wp-image-3206\" alt=\"\" srcset=\"https:\/\/thinkincentive.com\/wp-content\/uploads\/THINK-INCENTIVE-AGENCY-PAGE.png 800w, https:\/\/thinkincentive.com\/wp-content\/uploads\/THINK-INCENTIVE-AGENCY-PAGE-300x300.png 300w, https:\/\/thinkincentive.com\/wp-content\/uploads\/THINK-INCENTIVE-AGENCY-PAGE-150x150.png 150w, https:\/\/thinkincentive.com\/wp-content\/uploads\/THINK-INCENTIVE-AGENCY-PAGE-768x768.png 768w\" sizes=\"(max-width: 800px) 100vw, 800px\" \/>\t\t\t\t\t\t\t\t\t\t\t\t\t<\/div>\n\t\t\t\t<\/div>\n\t\t\t\t<\/div>\n\t\t\t\t\t<\/div>\n\t\t\t\t<\/div>\n\t\t<div class=\"elementor-element elementor-element-0776bd9 e-flex e-con-boxed e-con e-parent\" data-id=\"0776bd9\" data-element_type=\"container\" data-settings=\"{&quot;background_background&quot;:&quot;classic&quot;}\">\n\t\t\t\t\t<div class=\"e-con-inner\">\n\t\t\t\t<div class=\"elementor-element elementor-element-cd52623 elementor-widget elementor-widget-heading\" data-id=\"cd52623\" data-element_type=\"widget\" data-widget_type=\"heading.default\">\n\t\t\t\t<div class=\"elementor-widget-container\">\n\t\t\t<h2 class=\"elementor-heading-title elementor-size-default\">Rencontrez vos contacts privil\u00e9gi\u00e9s<\/h2>\t\t<\/div>\n\t\t\t\t<\/div>\n\t\t\t\t<div class=\"elementor-element elementor-element-6e58804 elementor-widget elementor-widget-text-editor\" data-id=\"6e58804\" data-element_type=\"widget\" data-widget_type=\"text-editor.default\">\n\t\t\t\t<div class=\"elementor-widget-container\">\n\t\t\t\t\t\t\t<p>Du professionnalisme et un brin de folie au service de votre projet, notre \u00e9quipe est un beau patchwork d\u2019humains passionn\u00e9s. Fran\u00e7ais, Anglais ou Espagnol, nous vous aidons dans la langue de votre choix !<\/p>\n\t\t\t\t\t\t<\/div>\n\t\t\t\t<\/div>\n\t\t\t\t\t<\/div>\n\t\t\t\t<\/div>\n\t\t<div class=\"elementor-element elementor-element-2e61f68 e-flex e-con-boxed e-con e-parent\" data-id=\"2e61f68\" data-element_type=\"container\" data-settings=\"{&quot;background_background&quot;:&quot;classic&quot;}\">\n\t\t\t\t\t<div class=\"e-con-inner\">\n\t\t<div class=\"elementor-element elementor-element-078f743 e-con-full e-flex e-con e-child\" data-id=\"078f743\" data-element_type=\"container\" data-settings=\"{&quot;background_background&quot;:&quot;classic&quot;}\">\n\t\t\t\t<div class=\"elementor-element elementor-element-9502ac8 elementor-widget elementor-widget-image\" data-id=\"9502ac8\" data-element_type=\"widget\" data-widget_type=\"image.default\">\n\t\t\t\t<div class=\"elementor-widget-container\">\n\t\t\t\t\t\t\t\t\t\t\t\t\t<img decoding=\"async\" width=\"900\" height=\"1000\" src=\"https:\/\/thinkincentive.com\/wp-content\/uploads\/Patricia-2025.png\" class=\"attachment-full size-full wp-image-3738\" alt=\"\" srcset=\"https:\/\/thinkincentive.com\/wp-content\/uploads\/Patricia-2025.png 900w, https:\/\/thinkincentive.com\/wp-content\/uploads\/Patricia-2025-270x300.png 270w, https:\/\/thinkincentive.com\/wp-content\/uploads\/Patricia-2025-768x853.png 768w\" sizes=\"(max-width: 900px) 100vw, 900px\" \/>\t\t\t\t\t\t\t\t\t\t\t\t\t<\/div>\n\t\t\t\t<\/div>\n\t\t\t\t<div class=\"elementor-element elementor-element-eaa92a2 elementor-widget elementor-widget-text-editor\" data-id=\"eaa92a2\" data-element_type=\"widget\" data-widget_type=\"text-editor.default\">\n\t\t\t\t<div class=\"elementor-widget-container\">\n\t\t\t\t\t\t\t<p>Patricia<\/p>\n\t\t\t\t\t\t<\/div>\n\t\t\t\t<\/div>\n\t\t\t\t<div class=\"elementor-element elementor-element-113eeb3 elementor-widget elementor-widget-text-editor\" data-id=\"113eeb3\" data-element_type=\"widget\" data-widget_type=\"text-editor.default\">\n\t\t\t\t<div class=\"elementor-widget-container\">\n\t\t\t\t\t\t\t<p>N\u00e9gociatrice talentueuse et strat\u00e9gique, toujours \u00e0 la recherche de solutions, Patricia g\u00e8re plusieurs de nos march\u00e9s internationaux tels que le Mexique, le Br\u00e9sil, l\u2019Espagne, le Portugal ou l\u2019Italie. Avec plus de 30 ans d\u2019exp\u00e9rience dans l\u2019industrie du tourisme, notre directrice organise des \u00e9v\u00e9nements corporatifs avec nous depuis pr\u00e8s de 20 ans. Quand elle ne travaille pas, elle recherche les meilleurs spas !<\/p>\t\t\t\t\t\t<\/div>\n\t\t\t\t<\/div>\n\t\t\t\t<\/div>\n\t\t<div class=\"elementor-element elementor-element-53dedd2 e-con-full e-flex e-con e-child\" data-id=\"53dedd2\" data-element_type=\"container\" data-settings=\"{&quot;background_background&quot;:&quot;classic&quot;}\">\n\t\t\t\t<div class=\"elementor-element elementor-element-274d0e5 elementor-widget elementor-widget-image\" data-id=\"274d0e5\" data-element_type=\"widget\" data-widget_type=\"image.default\">\n\t\t\t\t<div class=\"elementor-widget-container\">\n\t\t\t\t\t\t\t\t\t\t\t\t\t<img decoding=\"async\" width=\"900\" height=\"1000\" src=\"https:\/\/thinkincentive.com\/wp-content\/uploads\/Think-Incentive-Melissa.png\" class=\"attachment-full size-full wp-image-2689\" alt=\"\" srcset=\"https:\/\/thinkincentive.com\/wp-content\/uploads\/Think-Incentive-Melissa.png 900w, https:\/\/thinkincentive.com\/wp-content\/uploads\/Think-Incentive-Melissa-270x300.png 270w, https:\/\/thinkincentive.com\/wp-content\/uploads\/Think-Incentive-Melissa-768x853.png 768w\" sizes=\"(max-width: 900px) 100vw, 900px\" \/>\t\t\t\t\t\t\t\t\t\t\t\t\t<\/div>\n\t\t\t\t<\/div>\n\t\t\t\t<div class=\"elementor-element elementor-element-3b47e89 elementor-widget elementor-widget-text-editor\" data-id=\"3b47e89\" data-element_type=\"widget\" data-widget_type=\"text-editor.default\">\n\t\t\t\t<div class=\"elementor-widget-container\">\n\t\t\t\t\t\t\t<p>M\u00e9lissa<\/p>\t\t\t\t\t\t<\/div>\n\t\t\t\t<\/div>\n\t\t\t\t<div class=\"elementor-element elementor-element-b340d15 elementor-widget elementor-widget-text-editor\" data-id=\"b340d15\" data-element_type=\"widget\" data-widget_type=\"text-editor.default\">\n\t\t\t\t<div class=\"elementor-widget-container\">\n\t\t\t\t\t\t\t<p>Cr\u00e9ative et attentive aux d\u00e9tails, M\u00e9lissa est la plume de notre \u00e9quipe. Apr\u00e8s pr\u00e8s de 10 ans dans la presse, elle a d\u00e9cid\u00e9 de rejoindre son domaine passion : le voyage. Elle s\u2019occupe de notre communication et nous aide \u00e0 mettre des mots sur nos id\u00e9es les plus originales pour vos clients. Professionnelle et organis\u00e9e, nous adorons \u00e9galement sa personnalit\u00e9 p\u00e9tillante. Grande gourmande, elle est toujours pr\u00eate \u00e0 d\u00e9couvrir de nouveaux restaurants !<\/p>\t\t\t\t\t\t<\/div>\n\t\t\t\t<\/div>\n\t\t\t\t<\/div>\n\t\t<div class=\"elementor-element elementor-element-18f1732 e-con-full e-flex e-con e-child\" data-id=\"18f1732\" data-element_type=\"container\" data-settings=\"{&quot;background_background&quot;:&quot;classic&quot;}\">\n\t\t\t\t<div class=\"elementor-element elementor-element-a031c16 elementor-widget elementor-widget-image\" data-id=\"a031c16\" data-element_type=\"widget\" data-widget_type=\"image.default\">\n\t\t\t\t<div class=\"elementor-widget-container\">\n\t\t\t\t\t\t\t\t\t\t\t\t\t<img loading=\"lazy\" decoding=\"async\" width=\"900\" height=\"1000\" src=\"https:\/\/thinkincentive.com\/wp-content\/uploads\/Think-Incentive-Juliette.png\" class=\"attachment-full size-full wp-image-3809\" alt=\"\" srcset=\"https:\/\/thinkincentive.com\/wp-content\/uploads\/Think-Incentive-Juliette.png 900w, https:\/\/thinkincentive.com\/wp-content\/uploads\/Think-Incentive-Juliette-270x300.png 270w, https:\/\/thinkincentive.com\/wp-content\/uploads\/Think-Incentive-Juliette-768x853.png 768w\" sizes=\"(max-width: 900px) 100vw, 900px\" \/>\t\t\t\t\t\t\t\t\t\t\t\t\t<\/div>\n\t\t\t\t<\/div>\n\t\t\t\t<div class=\"elementor-element elementor-element-47997df elementor-widget elementor-widget-text-editor\" data-id=\"47997df\" data-element_type=\"widget\" data-widget_type=\"text-editor.default\">\n\t\t\t\t<div class=\"elementor-widget-container\">\n\t\t\t\t\t\t\t<p>Juliette<\/p>\t\t\t\t\t\t<\/div>\n\t\t\t\t<\/div>\n\t\t\t\t<div class=\"elementor-element elementor-element-8ee6c8d elementor-widget elementor-widget-text-editor\" data-id=\"8ee6c8d\" data-element_type=\"widget\" data-widget_type=\"text-editor.default\">\n\t\t\t\t<div class=\"elementor-widget-container\">\n\t\t\t\t\t\t\t<p>Inspir\u00e9e et innovante, la benjamine de l\u2019\u00e9quipe ne manque jamais d\u2019id\u00e9es. Tomb\u00e9e amoureuse du voyage d\u00e8s son plus jeune \u00e2ge, Juliette a pos\u00e9 ses valises au Canada apr\u00e8s dix mois de sac \u00e0 dos en Asie. Curieuse et touche-\u00e0-tout, elle s\u2019investit avec la m\u00eame \u00e9nergie dans sa vie personnelle que dans son travail. Vous pouvez compter sur elle pour d\u00e9nicher de v\u00e9ritables p\u00e9pites pour vos clients. Son petit plaisir ? Randonner \u00e9t\u00e9 comme hiver, et partir en bivouac d\u00e8s que l\u2019occasion se pr\u00e9sente !<\/p>\t\t\t\t\t\t<\/div>\n\t\t\t\t<\/div>\n\t\t\t\t<\/div>\n\t\t\t\t\t<\/div>\n\t\t\t\t<\/div>\n\t\t\t\t<\/div>\n\t\t","protected":false},"excerpt":{"rendered":"<p>Notre \u00e9quipe Une \u00e9quipe de choc pour vous accompagner Charg\u00e9s de concevoir des offres exclusives, nous r\u00e9pondons \u00e0 vos besoins dans les d\u00e9lais impartis. Comment ? Avec une \u00e9quipe exp\u00e9riment\u00e9e, proactive, attentive et efficace ! N\u2019oubliez pas que notre \u00e9quipe est l\u2019arbre qui cache la for\u00eat et centralise toute la force de frappe du groupe [&hellip;]<\/p>\n","protected":false},"author":10,"featured_media":0,"parent":0,"menu_order":0,"comment_status":"closed","ping_status":"closed","template":"elementor_header_footer","meta":{"_acf_changed":false,"footnotes":""},"class_list":["post-2813","page","type-page","status-publish","hentry"],"acf":[],"yoast_head":"<!-- This site is optimized with the Yoast SEO plugin v23.6 - https:\/\/yoast.com\/wordpress\/plugins\/seo\/ -->\n<title>L&#039;\u00e9quipe - TH!NK INCENTIVE<\/title>\n<meta name=\"description\" content=\"A responsive and creative team at the service of all your corporate needs. Discover North America for your incentive trips and events.\" \/>\n<meta name=\"robots\" content=\"index, follow, max-snippet:-1, max-image-preview:large, max-video-preview:-1\" \/>\n<link rel=\"canonical\" href=\"https:\/\/thinkincentive.com\/fr\/lequipe\/\" \/>\n<meta property=\"og:locale\" content=\"fr_FR\" \/>\n<meta property=\"og:type\" content=\"article\" \/>\n<meta property=\"og:title\" content=\"L&#039;\u00e9quipe - TH!NK INCENTIVE\" \/>\n<meta property=\"og:description\" content=\"A responsive and creative team at the service of all your corporate needs. Discover North America for your incentive trips and events.\" \/>\n<meta property=\"og:url\" content=\"https:\/\/thinkincentive.com\/fr\/lequipe\/\" \/>\n<meta property=\"og:site_name\" content=\"TH!NK INCENTIVE\" \/>\n<meta property=\"article:modified_time\" content=\"2026-01-28T17:49:08+00:00\" \/>\n<meta property=\"og:image\" content=\"https:\/\/thinkincentive.com\/wp-content\/uploads\/THINK-INCENTIVE-AGENCY-PAGE.png\" \/>\n\t<meta property=\"og:image:width\" content=\"800\" \/>\n\t<meta property=\"og:image:height\" content=\"800\" \/>\n\t<meta property=\"og:image:type\" content=\"image\/png\" \/>\n<meta name=\"twitter:card\" content=\"summary_large_image\" \/>\n<meta name=\"twitter:label1\" content=\"Dur\u00e9e de lecture estim\u00e9e\" \/>\n\t<meta name=\"twitter:data1\" content=\"3 minutes\" \/>\n<script type=\"application\/ld+json\" class=\"yoast-schema-graph\">{\"@context\":\"https:\/\/schema.org\",\"@graph\":[{\"@type\":\"WebPage\",\"@id\":\"https:\/\/thinkincentive.com\/fr\/lequipe\/\",\"url\":\"https:\/\/thinkincentive.com\/fr\/lequipe\/\",\"name\":\"L'\u00e9quipe - TH!NK INCENTIVE\",\"isPartOf\":{\"@id\":\"https:\/\/thinkincentive.com\/fr\/#website\"},\"primaryImageOfPage\":{\"@id\":\"https:\/\/thinkincentive.com\/fr\/lequipe\/#primaryimage\"},\"image\":{\"@id\":\"https:\/\/thinkincentive.com\/fr\/lequipe\/#primaryimage\"},\"thumbnailUrl\":\"http:\/\/thinkincentive.com\/wp-content\/uploads\/THINK-INCENTIVE-AGENCY-PAGE.png\",\"datePublished\":\"2024-06-25T18:30:14+00:00\",\"dateModified\":\"2026-01-28T17:49:08+00:00\",\"description\":\"A responsive and creative team at the service of all your corporate needs. Discover North America for your incentive trips and events.\",\"breadcrumb\":{\"@id\":\"https:\/\/thinkincentive.com\/fr\/lequipe\/#breadcrumb\"},\"inLanguage\":\"fr-FR\",\"potentialAction\":[{\"@type\":\"ReadAction\",\"target\":[\"https:\/\/thinkincentive.com\/fr\/lequipe\/\"]}]},{\"@type\":\"ImageObject\",\"inLanguage\":\"fr-FR\",\"@id\":\"https:\/\/thinkincentive.com\/fr\/lequipe\/#primaryimage\",\"url\":\"http:\/\/thinkincentive.com\/wp-content\/uploads\/THINK-INCENTIVE-AGENCY-PAGE.png\",\"contentUrl\":\"http:\/\/thinkincentive.com\/wp-content\/uploads\/THINK-INCENTIVE-AGENCY-PAGE.png\"},{\"@type\":\"BreadcrumbList\",\"@id\":\"https:\/\/thinkincentive.com\/fr\/lequipe\/#breadcrumb\",\"itemListElement\":[{\"@type\":\"ListItem\",\"position\":1,\"name\":\"Accueil\",\"item\":\"https:\/\/thinkincentive.com\/fr\/\"},{\"@type\":\"ListItem\",\"position\":2,\"name\":\"L&#8217;\u00e9quipe\"}]},{\"@type\":\"WebSite\",\"@id\":\"https:\/\/thinkincentive.com\/fr\/#website\",\"url\":\"https:\/\/thinkincentive.com\/fr\/\",\"name\":\"TH!NK INCENTIVE\",\"description\":\"Corporate Events in Canada &amp; USA\",\"publisher\":{\"@id\":\"https:\/\/thinkincentive.com\/fr\/#organization\"},\"potentialAction\":[{\"@type\":\"SearchAction\",\"target\":{\"@type\":\"EntryPoint\",\"urlTemplate\":\"https:\/\/thinkincentive.com\/fr\/?s={search_term_string}\"},\"query-input\":{\"@type\":\"PropertyValueSpecification\",\"valueRequired\":true,\"valueName\":\"search_term_string\"}}],\"inLanguage\":\"fr-FR\"},{\"@type\":\"Organization\",\"@id\":\"https:\/\/thinkincentive.com\/fr\/#organization\",\"name\":\"TH!NK INCENTIVE\",\"url\":\"https:\/\/thinkincentive.com\/fr\/\",\"logo\":{\"@type\":\"ImageObject\",\"inLanguage\":\"fr-FR\",\"@id\":\"https:\/\/thinkincentive.com\/fr\/#\/schema\/logo\/image\/\",\"url\":\"https:\/\/thinkincentive.com\/wp-content\/uploads\/cropped-logo-Think-PNG.png\",\"contentUrl\":\"https:\/\/thinkincentive.com\/wp-content\/uploads\/cropped-logo-Think-PNG.png\",\"width\":800,\"height\":320,\"caption\":\"TH!NK INCENTIVE\"},\"image\":{\"@id\":\"https:\/\/thinkincentive.com\/fr\/#\/schema\/logo\/image\/\"}}]}<\/script>\n<!-- \/ Yoast SEO plugin. -->","yoast_head_json":{"title":"L'\u00e9quipe - TH!NK INCENTIVE","description":"A responsive and creative team at the service of all your corporate needs. Discover North America for your incentive trips and events.","robots":{"index":"index","follow":"follow","max-snippet":"max-snippet:-1","max-image-preview":"max-image-preview:large","max-video-preview":"max-video-preview:-1"},"canonical":"https:\/\/thinkincentive.com\/fr\/lequipe\/","og_locale":"fr_FR","og_type":"article","og_title":"L'\u00e9quipe - TH!NK INCENTIVE","og_description":"A responsive and creative team at the service of all your corporate needs. Discover North America for your incentive trips and events.","og_url":"https:\/\/thinkincentive.com\/fr\/lequipe\/","og_site_name":"TH!NK INCENTIVE","article_modified_time":"2026-01-28T17:49:08+00:00","og_image":[{"width":800,"height":800,"url":"https:\/\/thinkincentive.com\/wp-content\/uploads\/THINK-INCENTIVE-AGENCY-PAGE.png","type":"image\/png"}],"twitter_card":"summary_large_image","twitter_misc":{"Dur\u00e9e de lecture estim\u00e9e":"3 minutes"},"schema":{"@context":"https:\/\/schema.org","@graph":[{"@type":"WebPage","@id":"https:\/\/thinkincentive.com\/fr\/lequipe\/","url":"https:\/\/thinkincentive.com\/fr\/lequipe\/","name":"L'\u00e9quipe - TH!NK INCENTIVE","isPartOf":{"@id":"https:\/\/thinkincentive.com\/fr\/#website"},"primaryImageOfPage":{"@id":"https:\/\/thinkincentive.com\/fr\/lequipe\/#primaryimage"},"image":{"@id":"https:\/\/thinkincentive.com\/fr\/lequipe\/#primaryimage"},"thumbnailUrl":"http:\/\/thinkincentive.com\/wp-content\/uploads\/THINK-INCENTIVE-AGENCY-PAGE.png","datePublished":"2024-06-25T18:30:14+00:00","dateModified":"2026-01-28T17:49:08+00:00","description":"A responsive and creative team at the service of all your corporate needs. Discover North America for your incentive trips and events.","breadcrumb":{"@id":"https:\/\/thinkincentive.com\/fr\/lequipe\/#breadcrumb"},"inLanguage":"fr-FR","potentialAction":[{"@type":"ReadAction","target":["https:\/\/thinkincentive.com\/fr\/lequipe\/"]}]},{"@type":"ImageObject","inLanguage":"fr-FR","@id":"https:\/\/thinkincentive.com\/fr\/lequipe\/#primaryimage","url":"http:\/\/thinkincentive.com\/wp-content\/uploads\/THINK-INCENTIVE-AGENCY-PAGE.png","contentUrl":"http:\/\/thinkincentive.com\/wp-content\/uploads\/THINK-INCENTIVE-AGENCY-PAGE.png"},{"@type":"BreadcrumbList","@id":"https:\/\/thinkincentive.com\/fr\/lequipe\/#breadcrumb","itemListElement":[{"@type":"ListItem","position":1,"name":"Accueil","item":"https:\/\/thinkincentive.com\/fr\/"},{"@type":"ListItem","position":2,"name":"L&#8217;\u00e9quipe"}]},{"@type":"WebSite","@id":"https:\/\/thinkincentive.com\/fr\/#website","url":"https:\/\/thinkincentive.com\/fr\/","name":"TH!NK INCENTIVE","description":"Corporate Events in Canada &amp; USA","publisher":{"@id":"https:\/\/thinkincentive.com\/fr\/#organization"},"potentialAction":[{"@type":"SearchAction","target":{"@type":"EntryPoint","urlTemplate":"https:\/\/thinkincentive.com\/fr\/?s={search_term_string}"},"query-input":{"@type":"PropertyValueSpecification","valueRequired":true,"valueName":"search_term_string"}}],"inLanguage":"fr-FR"},{"@type":"Organization","@id":"https:\/\/thinkincentive.com\/fr\/#organization","name":"TH!NK INCENTIVE","url":"https:\/\/thinkincentive.com\/fr\/","logo":{"@type":"ImageObject","inLanguage":"fr-FR","@id":"https:\/\/thinkincentive.com\/fr\/#\/schema\/logo\/image\/","url":"https:\/\/thinkincentive.com\/wp-content\/uploads\/cropped-logo-Think-PNG.png","contentUrl":"https:\/\/thinkincentive.com\/wp-content\/uploads\/cropped-logo-Think-PNG.png","width":800,"height":320,"caption":"TH!NK INCENTIVE"},"image":{"@id":"https:\/\/thinkincentive.com\/fr\/#\/schema\/logo\/image\/"}}]}},"_links":{"self":[{"href":"https:\/\/thinkincentive.com\/fr\/wp-json\/wp\/v2\/pages\/2813","targetHints":{"allow":["GET"]}}],"collection":[{"href":"https:\/\/thinkincentive.com\/fr\/wp-json\/wp\/v2\/pages"}],"about":[{"href":"https:\/\/thinkincentive.com\/fr\/wp-json\/wp\/v2\/types\/page"}],"author":[{"embeddable":true,"href":"https:\/\/thinkincentive.com\/fr\/wp-json\/wp\/v2\/users\/10"}],"replies":[{"embeddable":true,"href":"https:\/\/thinkincentive.com\/fr\/wp-json\/wp\/v2\/comments?post=2813"}],"version-history":[{"count":0,"href":"https:\/\/thinkincentive.com\/fr\/wp-json\/wp\/v2\/pages\/2813\/revisions"}],"wp:attachment":[{"href":"https:\/\/thinkincentive.com\/fr\/wp-json\/wp\/v2\/media?parent=2813"}],"curies":[{"name":"wp","href":"https:\/\/api.w.org\/{rel}","templated":true}]}}